{"id":29981,"date":"2024-03-07T08:36:24","date_gmt":"2024-03-07T07:36:24","guid":{"rendered":"https:\/\/cedam.fr\/?page_id=29981"},"modified":"2024-03-07T08:36:24","modified_gmt":"2024-03-07T07:36:24","slug":"sammlungen-3","status":"publish","type":"page","link":"https:\/\/cedam.fr\/de\/sammlungen-3\/","title":{"rendered":"Sammlungen"},"content":{"rendered":"\t\t<div data-elementor-type=\"wp-page\" data-elementor-id=\"29981\" class=\"elementor elementor-29981 elementor-29980\" data-elementor-post-type=\"page\">\n\t\t\t\t\t\t<section class=\"elementor-section elementor-top-section elementor-element elementor-element-fa6372c elementor-section-height-min-height elementor-section-boxed elementor-section-height-default elementor-section-items-middle\" data-id=\"fa6372c\" data-element_type=\"section\" data-e-type=\"section\" data-settings=\"{&quot;background_background&quot;:&quot;classic&quot;}\">\n\t\t\t\t\t\t<div class=\"elementor-container elementor-column-gap-default\">\n\t\t\t\t\t<div class=\"elementor-column elementor-col-100 elementor-top-column elementor-element elementor-element-9ce11c6\" data-id=\"9ce11c6\" data-element_type=\"column\" data-e-type=\"column\">\n\t\t\t<div class=\"elementor-widget-wrap elementor-element-populated\">\n\t\t\t\t\t\t\t<\/div>\n\t\t<\/div>\n\t\t\t\t\t<\/div>\n\t\t<\/section>\n\t\t<div class=\"elementor-element elementor-element-c428a97 e-flex e-con-boxed e-con e-parent\" data-id=\"c428a97\" data-element_type=\"container\" data-e-type=\"container\">\n\t\t\t\t\t<div class=\"e-con-inner\">\n\t\t\t\t<div class=\"elementor-element elementor-element-18b9489 elementor-align-center elementor-widget elementor-widget-button\" data-id=\"18b9489\" data-element_type=\"widget\" data-e-type=\"widget\" data-widget_type=\"button.default\">\n\t\t\t\t<div class=\"elementor-widget-container\">\n\t\t\t\t\t\t\t\t\t<div class=\"elementor-button-wrapper\">\n\t\t\t\t\t<a class=\"elementor-button elementor-button-link elementor-size-lg\" href=\"https:\/\/cedam.fr\/wp-content\/uploads\/2024\/03\/Fiche-2026_ROB.pdf\">\n\t\t\t\t\t\t<span class=\"elementor-button-content-wrapper\">\n\t\t\t\t\t\t\t\t\t<span class=\"elementor-button-text\">Fiche technique<\/span>\n\t\t\t\t\t<\/span>\n\t\t\t\t\t<\/a>\n\t\t\t\t<\/div>\n\t\t\t\t\t\t\t\t<\/div>\n\t\t\t\t<\/div>\n\t\t\t\t<div class=\"elementor-element elementor-element-8f8eb7f elementor-align-center elementor-widget elementor-widget-button\" data-id=\"8f8eb7f\" data-element_type=\"widget\" data-e-type=\"widget\" data-widget_type=\"button.default\">\n\t\t\t\t<div class=\"elementor-widget-container\">\n\t\t\t\t\t\t\t\t\t<div class=\"elementor-button-wrapper\">\n\t\t\t\t\t<a class=\"elementor-button elementor-button-link elementor-size-lg\" href=\"https:\/\/cedam.fr\/wp-content\/uploads\/2024\/03\/Fiche-2026_ROB.pdf\">\n\t\t\t\t\t\t<span class=\"elementor-button-content-wrapper\">\n\t\t\t\t\t\t\t\t\t<span class=\"elementor-button-text\">Fiche technique<\/span>\n\t\t\t\t\t<\/span>\n\t\t\t\t\t<\/a>\n\t\t\t\t<\/div>\n\t\t\t\t\t\t\t\t<\/div>\n\t\t\t\t<\/div>\n\t\t\t\t<div class=\"elementor-element elementor-element-d163230 elementor-widget elementor-widget-button\" data-id=\"d163230\" data-element_type=\"widget\" data-e-type=\"widget\" data-widget_type=\"button.default\">\n\t\t\t\t<div class=\"elementor-widget-container\">\n\t\t\t\t\t\t\t\t\t<div class=\"elementor-button-wrapper\">\n\t\t\t\t\t<a class=\"elementor-button elementor-button-link elementor-size-lg\" href=\"https:\/\/cedam.fr\/wp-content\/uploads\/2024\/03\/Tarif-GN-2024_ROB-tableau.pdf\">\n\t\t\t\t\t\t<span class=\"elementor-button-content-wrapper\">\n\t\t\t\t\t\t\t\t\t<span class=\"elementor-button-text\">Tableau de compatibilit\u00e9<\/span>\n\t\t\t\t\t<\/span>\n\t\t\t\t\t<\/a>\n\t\t\t\t<\/div>\n\t\t\t\t\t\t\t\t<\/div>\n\t\t\t\t<\/div>\n\t\t\t\t<div class=\"elementor-element elementor-element-bfe4e7a elementor-align-center elementor-widget elementor-widget-button\" data-id=\"bfe4e7a\" data-element_type=\"widget\" data-e-type=\"widget\" data-widget_type=\"button.default\">\n\t\t\t\t<div class=\"elementor-widget-container\">\n\t\t\t\t\t\t\t\t\t<div class=\"elementor-button-wrapper\">\n\t\t\t\t\t<a class=\"elementor-button elementor-button-link elementor-size-lg\" href=\"https:\/\/cedam.fr\/wp-content\/uploads\/2024\/03\/FICHE-COLLECTION-GN-2024_ROB.pdf\">\n\t\t\t\t\t\t<span class=\"elementor-button-content-wrapper\">\n\t\t\t\t\t\t\t\t\t<span class=\"elementor-button-text\">Fiche collection<\/span>\n\t\t\t\t\t<\/span>\n\t\t\t\t\t<\/a>\n\t\t\t\t<\/div>\n\t\t\t\t\t\t\t\t<\/div>\n\t\t\t\t<\/div>\n\t\t\t\t\t<\/div>\n\t\t\t\t<\/div>\n\t\t\t\t<section class=\"elementor-section elementor-top-section elementor-element elementor-element-705d1a3 elementor-section-boxed elementor-section-height-default elementor-section-height-default\" data-id=\"705d1a3\" data-element_type=\"section\" data-e-type=\"section\">\n\t\t\t\t\t\t<div class=\"elementor-container elementor-column-gap-default\">\n\t\t\t\t\t<div class=\"elementor-column elementor-col-100 elementor-top-column elementor-element elementor-element-8a15df9\" data-id=\"8a15df9\" data-element_type=\"column\" data-e-type=\"column\">\n\t\t\t<div class=\"elementor-widget-wrap elementor-element-populated\">\n\t\t\t\t\t\t<div class=\"elementor-element elementor-element-a99a81a elementor-widget elementor-widget-breadcrumbs\" data-id=\"a99a81a\" data-element_type=\"widget\" data-e-type=\"widget\" data-widget_type=\"breadcrumbs.default\">\n\t\t\t\t<div class=\"elementor-widget-container\">\n\t\t\t\t\t<p id=\"breadcrumbs\"><span><span><a href=\"https:\/\/cedam.fr\/de\/\">Accueil<\/a><\/span><\/span><\/p>\t\t\t\t<\/div>\n\t\t\t\t<\/div>\n\t\t\t\t<div class=\"elementor-element elementor-element-9ed5be2 elementor-grid-3 elementor-grid-tablet-2 elementor-grid-mobile-1 elementor-widget elementor-widget-loop-grid\" data-id=\"9ed5be2\" data-element_type=\"widget\" data-e-type=\"widget\" data-settings=\"{&quot;template_id&quot;:23203,&quot;columns&quot;:3,&quot;row_gap&quot;:{&quot;unit&quot;:&quot;px&quot;,&quot;size&quot;:0,&quot;sizes&quot;:[]},&quot;motion_fx_motion_fx_mouse&quot;:&quot;yes&quot;,&quot;_skin&quot;:&quot;post&quot;,&quot;columns_tablet&quot;:&quot;2&quot;,&quot;columns_mobile&quot;:&quot;1&quot;,&quot;edit_handle_selector&quot;:&quot;[data-elementor-type=\\&quot;loop-item\\&quot;]&quot;,&quot;row_gap_tablet&quot;:{&quot;unit&quot;:&quot;px&quot;,&quot;size&quot;:&quot;&quot;,&quot;sizes&quot;:[]},&quot;row_gap_mobile&quot;:{&quot;unit&quot;:&quot;px&quot;,&quot;size&quot;:&quot;&quot;,&quot;sizes&quot;:[]}}\" data-widget_type=\"loop-grid.post\">\n\t\t\t\t<div class=\"elementor-widget-container\">\n\t\t\t\t\t\t\t<div class=\"elementor-loop-container elementor-grid\" role=\"list\">\n\t\t<style id=\"loop-dynamic-23203\">.e-loop-item-23317 .elementor-element.elementor-element-43452de:not(.elementor-motion-effects-element-type-background), .e-loop-item-23317 .elementor-element.elementor-element-43452de > .elementor-motion-effects-container > .elementor-motion-effects-layer{background-image:url(\"https:\/\/cedam.fr\/wp-content\/uploads\/2023\/07\/LUMIO.ZOOM01.HD_-scaled-e1741185898908.jpg\");}<\/style><style id=\"loop-23203\">.elementor-23203 .elementor-element.elementor-element-8734fc9{--display:flex;--flex-direction:column;--container-widget-width:calc( ( 1 - var( --container-widget-flex-grow ) ) * 100% );--container-widget-height:initial;--container-widget-flex-grow:0;--container-widget-align-self:initial;--flex-wrap-mobile:wrap;--align-items:stretch;--gap:10px 10px;--row-gap:10px;--column-gap:10px;}.elementor-23203 .elementor-element.elementor-element-fd17aad{--display:flex;--gap:0px 0px;--row-gap:0px;--column-gap:0px;}.elementor-23203 .elementor-element.elementor-element-43452de{--display:flex;--min-height:220px;--overlay-opacity:0;--border-radius:10px 10px 10px 10px;}.elementor-23203 .elementor-element.elementor-element-43452de:not(.elementor-motion-effects-element-type-background), .elementor-23203 .elementor-element.elementor-element-43452de > .elementor-motion-effects-container > .elementor-motion-effects-layer{background-position:center center;background-repeat:no-repeat;background-size:cover;}.elementor-23203 .elementor-element.elementor-element-43452de::before, .elementor-23203 .elementor-element.elementor-element-43452de > .elementor-background-video-container::before, .elementor-23203 .elementor-element.elementor-element-43452de > .e-con-inner > .elementor-background-video-container::before, .elementor-23203 .elementor-element.elementor-element-43452de > .elementor-background-slideshow::before, .elementor-23203 .elementor-element.elementor-element-43452de > .e-con-inner > .elementor-background-slideshow::before, .elementor-23203 .elementor-element.elementor-element-43452de > .elementor-motion-effects-container > .elementor-motion-effects-layer::before{--background-overlay:'';background-color:var( --e-global-color-4830c0a );}.elementor-23203 .elementor-element.elementor-element-43452de:hover::before, .elementor-23203 .elementor-element.elementor-element-43452de:hover > .elementor-background-video-container::before, .elementor-23203 .elementor-element.elementor-element-43452de:hover > .e-con-inner > .elementor-background-video-container::before, .elementor-23203 .elementor-element.elementor-element-43452de > .elementor-background-slideshow:hover::before, .elementor-23203 .elementor-element.elementor-element-43452de > .e-con-inner > .elementor-background-slideshow:hover::before{--background-overlay:'';background-color:var( --e-global-color-4830c0a );}.elementor-23203 .elementor-element.elementor-element-43452de:hover{--overlay-opacity:0.5;}.elementor-23203 .elementor-element.elementor-element-43452de:hover::before{filter:brightness( 100% ) contrast( 100% ) saturate( 100% ) blur( 0px ) hue-rotate( 0deg );}.elementor-23203 .elementor-element.elementor-element-b8de3ce{--display:flex;}.elementor-widget-heading .elementor-heading-title{font-family:var( --e-global-typography-primary-font-family ), Sans-serif;font-weight:var( --e-global-typography-primary-font-weight );color:var( --e-global-color-primary );}.elementor-23203 .elementor-element.elementor-element-afaa689{text-align:center;}.elementor-23203 .elementor-element.elementor-element-afaa689 .elementor-heading-title{font-family:\"Montserrat\", Sans-serif;font-size:15px;font-weight:500;}<\/style>\t\t<div data-elementor-type=\"loop-item\" data-elementor-id=\"23203\" class=\"elementor elementor-23203 elementor-16422 elementor-16422 e-loop-item e-loop-item-23317 post-23317 post type-post status-publish format-standard has-post-thumbnail hentry category-armaturen category-produkte category-sanitare-einrichtungen\" data-elementor-post-type=\"elementor_library\" data-custom-edit-handle=\"1\">\n\t\t\t<div class=\"elementor-element elementor-element-8734fc9 e-flex e-con-boxed e-con e-parent\" data-id=\"8734fc9\" data-element_type=\"container\" data-e-type=\"container\">\n\t\t\t\t\t<div class=\"e-con-inner\">\n\t\t<a class=\"elementor-element elementor-element-fd17aad e-flex e-con-boxed e-con e-child\" data-id=\"fd17aad\" data-element_type=\"container\" data-e-type=\"container\" href=\"https:\/\/cedam.fr\/de\/einhebelmischer-ohne-zugstange-mit-ablaufgarnitur\/\">\n\t\t\t\t\t<div class=\"e-con-inner\">\n\t\t<div class=\"elementor-element elementor-element-43452de e-con-full e-flex e-con e-child\" data-id=\"43452de\" data-element_type=\"container\" data-e-type=\"container\" data-settings=\"{&quot;background_background&quot;:&quot;classic&quot;}\">\n\t\t\t\t<\/div>\n\t\t\t\t\t<\/div>\n\t\t\t\t<\/a>\n\t\t\t\t\t<\/div>\n\t\t\t\t<\/div>\n\t\t<div class=\"elementor-element elementor-element-b8de3ce e-flex e-con-boxed e-con e-parent\" data-id=\"b8de3ce\" data-element_type=\"container\" data-e-type=\"container\">\n\t\t\t\t\t<div class=\"e-con-inner\">\n\t\t\t\t<div class=\"elementor-element elementor-element-afaa689 elementor-widget elementor-widget-heading\" data-id=\"afaa689\" data-element_type=\"widget\" data-e-type=\"widget\" data-widget_type=\"heading.default\">\n\t\t\t\t<div class=\"elementor-widget-container\">\n\t\t\t\t\t<h2 class=\"elementor-heading-title elementor-size-default\">Einhebelmischer ohne Zugstange, mit Ablaufgarnitur<\/h2>\t\t\t\t<\/div>\n\t\t\t\t<\/div>\n\t\t\t\t\t<\/div>\n\t\t\t\t<\/div>\n\t\t\t\t<\/div>\n\t\t<style id=\"loop-dynamic-23203\">.e-loop-item-23367 .elementor-element.elementor-element-43452de:not(.elementor-motion-effects-element-type-background), .e-loop-item-23367 .elementor-element.elementor-element-43452de > .elementor-motion-effects-container > .elementor-motion-effects-layer{background-image:url(\"https:\/\/cedam.fr\/wp-content\/uploads\/2023\/07\/EXTENSO.AMB87.HD-a-scaled-e1741186819119.jpg\");}<\/style>\t\t<div data-elementor-type=\"loop-item\" data-elementor-id=\"23203\" class=\"elementor elementor-23203 elementor-16422 elementor-16422 e-loop-item e-loop-item-23367 post-23367 post type-post status-publish format-standard has-post-thumbnail hentry category-armaturen category-produkte category-sanitare-einrichtungen\" data-elementor-post-type=\"elementor_library\" data-custom-edit-handle=\"1\">\n\t\t\t<div class=\"elementor-element elementor-element-8734fc9 e-flex e-con-boxed e-con e-parent\" data-id=\"8734fc9\" data-element_type=\"container\" data-e-type=\"container\">\n\t\t\t\t\t<div class=\"e-con-inner\">\n\t\t<a class=\"elementor-element elementor-element-fd17aad e-flex e-con-boxed e-con e-child\" data-id=\"fd17aad\" data-element_type=\"container\" data-e-type=\"container\" href=\"https:\/\/cedam.fr\/de\/einhebelmischer-ohne-zugstange-ohne-ablaufgarnitur\/\">\n\t\t\t\t\t<div class=\"e-con-inner\">\n\t\t<div class=\"elementor-element elementor-element-43452de e-con-full e-flex e-con e-child\" data-id=\"43452de\" data-element_type=\"container\" data-e-type=\"container\" data-settings=\"{&quot;background_background&quot;:&quot;classic&quot;}\">\n\t\t\t\t<\/div>\n\t\t\t\t\t<\/div>\n\t\t\t\t<\/a>\n\t\t\t\t\t<\/div>\n\t\t\t\t<\/div>\n\t\t<div class=\"elementor-element elementor-element-b8de3ce e-flex e-con-boxed e-con e-parent\" data-id=\"b8de3ce\" data-element_type=\"container\" data-e-type=\"container\">\n\t\t\t\t\t<div class=\"e-con-inner\">\n\t\t\t\t<div class=\"elementor-element elementor-element-afaa689 elementor-widget elementor-widget-heading\" data-id=\"afaa689\" data-element_type=\"widget\" data-e-type=\"widget\" data-widget_type=\"heading.default\">\n\t\t\t\t<div class=\"elementor-widget-container\">\n\t\t\t\t\t<h2 class=\"elementor-heading-title elementor-size-default\">Einhebelmischer ohne Zugstange, ohne Ablaufgarnitur<\/h2>\t\t\t\t<\/div>\n\t\t\t\t<\/div>\n\t\t\t\t\t<\/div>\n\t\t\t\t<\/div>\n\t\t\t\t<\/div>\n\t\t\t\t<\/div>\n\t\t\n\t\t\t\t\t\t<\/div>\n\t\t\t\t<\/div>\n\t\t\t\t\t<\/div>\n\t\t<\/div>\n\t\t\t\t\t<\/div>\n\t\t<\/section>\n\t\t\t\t<\/div>\n\t\t","protected":false},"excerpt":{"rendered":"<p>Fiche technique Fiche technique Tableau de compatibilit\u00e9 Fiche collection<\/p>\n","protected":false},"author":2,"featured_media":0,"parent":0,"menu_order":0,"comment_status":"closed","ping_status":"closed","template":"","meta":{"_acf_changed":false,"footnotes":""},"class_list":["post-29981","page","type-page","status-publish","hentry"],"acf":[],"yoast_head":"<!-- This site is optimized with the Yoast SEO plugin v27.3 - https:\/\/yoast.com\/product\/yoast-seo-wordpress\/ -->\n<title>Sammlungen - Cedam<\/title>\n<meta name=\"description\" content=\"Entdecken Sie die Kollektionen von Cedam, dem franz\u00f6sischen Hersteller von Badezimmerm\u00f6beln, Schr\u00e4nken, Waschbecken, Sanit\u00e4rm\u00f6beln und Badewannen.\" \/>\n<meta name=\"robots\" content=\"index, follow, max-snippet:-1, max-image-preview:large, max-video-preview:-1\" \/>\n<link rel=\"canonical\" href=\"https:\/\/cedam.fr\/de\/sammlungen-3\/\" \/>\n<meta property=\"og:locale\" content=\"de_DE\" \/>\n<meta property=\"og:type\" content=\"article\" \/>\n<meta property=\"og:title\" content=\"Sammlungen - Cedam\" \/>\n<meta property=\"og:description\" content=\"Entdecken Sie die Kollektionen von Cedam, dem franz\u00f6sischen Hersteller von Badezimmerm\u00f6beln, Schr\u00e4nken, Waschbecken, Sanit\u00e4rm\u00f6beln und Badewannen.\" \/>\n<meta property=\"og:url\" content=\"https:\/\/cedam.fr\/de\/sammlungen-3\/\" \/>\n<meta property=\"og:site_name\" content=\"Cedam\" \/>\n<meta name=\"twitter:card\" content=\"summary_large_image\" \/>\n<script type=\"application\/ld+json\" class=\"yoast-schema-graph\">{\"@context\":\"https:\\\/\\\/schema.org\",\"@graph\":[{\"@type\":\"WebPage\",\"@id\":\"https:\\\/\\\/cedam.fr\\\/de\\\/sammlungen-3\\\/\",\"url\":\"https:\\\/\\\/cedam.fr\\\/de\\\/sammlungen-3\\\/\",\"name\":\"Sammlungen - Cedam\",\"isPartOf\":{\"@id\":\"https:\\\/\\\/cedam.fr\\\/de\\\/#website\"},\"datePublished\":\"2024-03-07T07:36:24+00:00\",\"description\":\"Entdecken Sie die Kollektionen von Cedam, dem franz\u00f6sischen Hersteller von Badezimmerm\u00f6beln, Schr\u00e4nken, Waschbecken, Sanit\u00e4rm\u00f6beln und Badewannen.\",\"breadcrumb\":{\"@id\":\"https:\\\/\\\/cedam.fr\\\/de\\\/sammlungen-3\\\/#breadcrumb\"},\"inLanguage\":\"de\",\"potentialAction\":[{\"@type\":\"ReadAction\",\"target\":[\"https:\\\/\\\/cedam.fr\\\/de\\\/sammlungen-3\\\/\"]}]},{\"@type\":\"BreadcrumbList\",\"@id\":\"https:\\\/\\\/cedam.fr\\\/de\\\/sammlungen-3\\\/#breadcrumb\",\"itemListElement\":[{\"@type\":\"ListItem\",\"position\":1,\"name\":\"Accueil\",\"item\":\"https:\\\/\\\/cedam.fr\\\/de\\\/\"},{\"@type\":\"ListItem\",\"position\":2,\"name\":\"Sammlungen\"}]},{\"@type\":\"WebSite\",\"@id\":\"https:\\\/\\\/cedam.fr\\\/de\\\/#website\",\"url\":\"https:\\\/\\\/cedam.fr\\\/de\\\/\",\"name\":\"Cedam\",\"description\":\"\",\"publisher\":{\"@id\":\"https:\\\/\\\/cedam.fr\\\/de\\\/#organization\"},\"potentialAction\":[{\"@type\":\"SearchAction\",\"target\":{\"@type\":\"EntryPoint\",\"urlTemplate\":\"https:\\\/\\\/cedam.fr\\\/de\\\/?s={search_term_string}\"},\"query-input\":{\"@type\":\"PropertyValueSpecification\",\"valueRequired\":true,\"valueName\":\"search_term_string\"}}],\"inLanguage\":\"de\"},{\"@type\":\"Organization\",\"@id\":\"https:\\\/\\\/cedam.fr\\\/de\\\/#organization\",\"name\":\"Cedam\",\"url\":\"https:\\\/\\\/cedam.fr\\\/de\\\/\",\"logo\":{\"@type\":\"ImageObject\",\"inLanguage\":\"de\",\"@id\":\"https:\\\/\\\/cedam.fr\\\/de\\\/#\\\/schema\\\/logo\\\/image\\\/\",\"url\":\"https:\\\/\\\/cedam.fr\\\/wp-content\\\/uploads\\\/2023\\\/02\\\/new_logo_white.svg\",\"contentUrl\":\"https:\\\/\\\/cedam.fr\\\/wp-content\\\/uploads\\\/2023\\\/02\\\/new_logo_white.svg\",\"caption\":\"Cedam\"},\"image\":{\"@id\":\"https:\\\/\\\/cedam.fr\\\/de\\\/#\\\/schema\\\/logo\\\/image\\\/\"}}]}<\/script>\n<!-- \/ Yoast SEO plugin. -->","yoast_head_json":{"title":"Sammlungen - Cedam","description":"Entdecken Sie die Kollektionen von Cedam, dem franz\u00f6sischen Hersteller von Badezimmerm\u00f6beln, Schr\u00e4nken, Waschbecken, Sanit\u00e4rm\u00f6beln und Badewannen.","robots":{"index":"index","follow":"follow","max-snippet":"max-snippet:-1","max-image-preview":"max-image-preview:large","max-video-preview":"max-video-preview:-1"},"canonical":"https:\/\/cedam.fr\/de\/sammlungen-3\/","og_locale":"de_DE","og_type":"article","og_title":"Sammlungen - Cedam","og_description":"Entdecken Sie die Kollektionen von Cedam, dem franz\u00f6sischen Hersteller von Badezimmerm\u00f6beln, Schr\u00e4nken, Waschbecken, Sanit\u00e4rm\u00f6beln und Badewannen.","og_url":"https:\/\/cedam.fr\/de\/sammlungen-3\/","og_site_name":"Cedam","twitter_card":"summary_large_image","schema":{"@context":"https:\/\/schema.org","@graph":[{"@type":"WebPage","@id":"https:\/\/cedam.fr\/de\/sammlungen-3\/","url":"https:\/\/cedam.fr\/de\/sammlungen-3\/","name":"Sammlungen - Cedam","isPartOf":{"@id":"https:\/\/cedam.fr\/de\/#website"},"datePublished":"2024-03-07T07:36:24+00:00","description":"Entdecken Sie die Kollektionen von Cedam, dem franz\u00f6sischen Hersteller von Badezimmerm\u00f6beln, Schr\u00e4nken, Waschbecken, Sanit\u00e4rm\u00f6beln und Badewannen.","breadcrumb":{"@id":"https:\/\/cedam.fr\/de\/sammlungen-3\/#breadcrumb"},"inLanguage":"de","potentialAction":[{"@type":"ReadAction","target":["https:\/\/cedam.fr\/de\/sammlungen-3\/"]}]},{"@type":"BreadcrumbList","@id":"https:\/\/cedam.fr\/de\/sammlungen-3\/#breadcrumb","itemListElement":[{"@type":"ListItem","position":1,"name":"Accueil","item":"https:\/\/cedam.fr\/de\/"},{"@type":"ListItem","position":2,"name":"Sammlungen"}]},{"@type":"WebSite","@id":"https:\/\/cedam.fr\/de\/#website","url":"https:\/\/cedam.fr\/de\/","name":"Cedam","description":"","publisher":{"@id":"https:\/\/cedam.fr\/de\/#organization"},"potentialAction":[{"@type":"SearchAction","target":{"@type":"EntryPoint","urlTemplate":"https:\/\/cedam.fr\/de\/?s={search_term_string}"},"query-input":{"@type":"PropertyValueSpecification","valueRequired":true,"valueName":"search_term_string"}}],"inLanguage":"de"},{"@type":"Organization","@id":"https:\/\/cedam.fr\/de\/#organization","name":"Cedam","url":"https:\/\/cedam.fr\/de\/","logo":{"@type":"ImageObject","inLanguage":"de","@id":"https:\/\/cedam.fr\/de\/#\/schema\/logo\/image\/","url":"https:\/\/cedam.fr\/wp-content\/uploads\/2023\/02\/new_logo_white.svg","contentUrl":"https:\/\/cedam.fr\/wp-content\/uploads\/2023\/02\/new_logo_white.svg","caption":"Cedam"},"image":{"@id":"https:\/\/cedam.fr\/de\/#\/schema\/logo\/image\/"}}]}},"_links":{"self":[{"href":"https:\/\/cedam.fr\/de\/wp-json\/wp\/v2\/pages\/29981","targetHints":{"allow":["GET"]}}],"collection":[{"href":"https:\/\/cedam.fr\/de\/wp-json\/wp\/v2\/pages"}],"about":[{"href":"https:\/\/cedam.fr\/de\/wp-json\/wp\/v2\/types\/page"}],"author":[{"embeddable":true,"href":"https:\/\/cedam.fr\/de\/wp-json\/wp\/v2\/users\/2"}],"replies":[{"embeddable":true,"href":"https:\/\/cedam.fr\/de\/wp-json\/wp\/v2\/comments?post=29981"}],"version-history":[{"count":1,"href":"https:\/\/cedam.fr\/de\/wp-json\/wp\/v2\/pages\/29981\/revisions"}],"predecessor-version":[{"id":29983,"href":"https:\/\/cedam.fr\/de\/wp-json\/wp\/v2\/pages\/29981\/revisions\/29983"}],"wp:attachment":[{"href":"https:\/\/cedam.fr\/de\/wp-json\/wp\/v2\/media?parent=29981"}],"curies":[{"name":"wp","href":"https:\/\/api.w.org\/{rel}","templated":true}]}}