{"id":23592,"date":"2023-06-02T11:42:51","date_gmt":"2023-06-02T09:42:51","guid":{"rendered":"https:\/\/cedam.fr\/know-how-und-qualitaet\/"},"modified":"2023-09-29T09:21:22","modified_gmt":"2023-09-29T07:21:22","slug":"know-how-und-qualitaet","status":"publish","type":"page","link":"https:\/\/cedam.fr\/de\/know-how-und-qualitaet\/","title":{"rendered":"Know-how und Qualit\u00e4t"},"content":{"rendered":"\t\t<div data-elementor-type=\"wp-page\" data-elementor-id=\"23592\" class=\"elementor elementor-23592 elementor-7325\" data-elementor-post-type=\"page\">\n\t\t\t\t\t\t<section class=\"elementor-section elementor-top-section elementor-element elementor-element-fa57973 elementor-section-height-min-height elementor-section-boxed elementor-section-height-default elementor-section-items-middle\" data-id=\"fa57973\" data-element_type=\"section\" data-e-type=\"section\" data-settings=\"{&quot;background_background&quot;:&quot;classic&quot;}\">\n\t\t\t\t\t\t\t<div class=\"elementor-background-overlay\"><\/div>\n\t\t\t\t\t\t\t<div class=\"elementor-container elementor-column-gap-default\">\n\t\t\t\t\t<div class=\"elementor-column elementor-col-100 elementor-top-column elementor-element elementor-element-55adb1a\" data-id=\"55adb1a\" data-element_type=\"column\" data-e-type=\"column\">\n\t\t\t<div class=\"elementor-widget-wrap elementor-element-populated\">\n\t\t\t\t\t\t\t<\/div>\n\t\t<\/div>\n\t\t\t\t\t<\/div>\n\t\t<\/section>\n\t\t\t\t<section class=\"elementor-section elementor-top-section elementor-element elementor-element-f517291 elementor-section-boxed elementor-section-height-default elementor-section-height-default\" data-id=\"f517291\" data-element_type=\"section\" data-e-type=\"section\">\n\t\t\t\t\t\t<div class=\"elementor-container elementor-column-gap-default\">\n\t\t\t\t\t<div class=\"elementor-column elementor-col-100 elementor-top-column elementor-element elementor-element-f777606\" data-id=\"f777606\" data-element_type=\"column\" data-e-type=\"column\">\n\t\t\t<div class=\"elementor-widget-wrap elementor-element-populated\">\n\t\t\t\t\t\t<div class=\"elementor-element elementor-element-e26b775 elementor-widget elementor-widget-heading\" data-id=\"e26b775\" data-element_type=\"widget\" data-e-type=\"widget\" data-widget_type=\"heading.default\">\n\t\t\t\t<div class=\"elementor-widget-container\">\n\t\t\t\t\t<h2 class=\"elementor-heading-title elementor-size-default\">Ein umfassendes und individuelles Angebot<\/h2>\t\t\t\t<\/div>\n\t\t\t\t<\/div>\n\t\t\t\t<section class=\"elementor-section elementor-inner-section elementor-element elementor-element-755436d elementor-reverse-tablet elementor-reverse-mobile elementor-section-boxed elementor-section-height-default elementor-section-height-default\" data-id=\"755436d\" data-element_type=\"section\" data-e-type=\"section\">\n\t\t\t\t\t\t<div class=\"elementor-container elementor-column-gap-default\">\n\t\t\t\t\t<div class=\"elementor-column elementor-col-50 elementor-inner-column elementor-element elementor-element-4bb9768\" data-id=\"4bb9768\" data-element_type=\"column\" data-e-type=\"column\">\n\t\t\t<div class=\"elementor-widget-wrap elementor-element-populated\">\n\t\t\t\t\t\t<div class=\"elementor-element elementor-element-b823426 elementor-widget elementor-widget-text-editor\" data-id=\"b823426\" data-element_type=\"widget\" data-e-type=\"widget\" data-widget_type=\"text-editor.default\">\n\t\t\t\t<div class=\"elementor-widget-container\">\n\t\t\t\t\t\t\t\t\t<p>Durch st\u00e4ndige Innovation bieten wir Ihnen eine gro\u00dfe Auswahl an M\u00f6beln in trendigen Materialien und Farben mit Oberfl\u00e4chen, die sich unglaublich nat\u00fcrlich anf\u00fchlen. Entdecken Sie unsere gro\u00dfe Auswahl an Oberfl\u00e4chen (Melamin, Laminat, Lack&#8230;) und Unifarben in Hochglanz und Matt oder Holzdekoren, die sich auch kombinieren lassen.<\/p>\n<p><strong>Gestalten Sie Ihr M\u00f6belst\u00fcck individuell<\/strong> mit unserem Angebot an Platten (Keramik, rekonstituierter Marmor, Glas, Laminat, Solid Surface&#8230;) und Aufsatzwaschbecken, die Ihren Anspr\u00fcchen an Design und Nutzung gerecht werden. Der Personalisierung sind fast keine Grenzen gesetzt!<\/p>\n<p>Damit Sie sich in Ihrem Badezimmer unabh\u00e4ngig von seiner Gr\u00f6\u00dfe wohlf\u00fchlen, bieten wir Ihnen verschiedene L\u00f6sungen an: von platzsparenden L\u00f6sungen bis hin zu XXL-Badezimmern, ma\u00dfgeschneiderte L\u00f6sungen f\u00fcr alle Ihre Einschr\u00e4nkungen und zahlreiche clevere und funktionelle Aufbewahrungsm\u00f6glichkeiten.<\/p>\n<p>Zus\u00e4tzlich zu den M\u00f6beln bieten wir Ihnen neue Produkte wie <strong>Badewannen,<\/strong> <strong>Duschwannen<\/strong> und <strong>-w\u00e4nde<\/strong> sowie <strong>Zubeh\u00f6r<\/strong> an.<br \/>CEDAM wird zum Partner der Wahl f\u00fcr die komplette Badezimmereinrichtung.<\/p>\n<p><strong>Das Know-how von Cedam garantiert Ihnen Kreativit\u00e4t, Qualit\u00e4t und unendliche Gestaltungsm\u00f6glichkeiten in allen Preisklassen.<\/strong><\/p>\n\t\t\t\t\t\t\t\t<\/div>\n\t\t\t\t<\/div>\n\t\t\t\t\t<\/div>\n\t\t<\/div>\n\t\t\t\t<div class=\"elementor-column elementor-col-50 elementor-inner-column elementor-element elementor-element-b13e412\" data-id=\"b13e412\" data-element_type=\"column\" data-e-type=\"column\">\n\t\t\t<div class=\"elementor-widget-wrap elementor-element-populated\">\n\t\t\t\t\t\t<div class=\"elementor-element elementor-element-6c51068 elementor-widget elementor-widget-image\" data-id=\"6c51068\" data-element_type=\"widget\" data-e-type=\"widget\" data-widget_type=\"image.default\">\n\t\t\t\t<div class=\"elementor-widget-container\">\n\t\t\t\t\t\t\t\t\t\t\t\t\t\t\t<img fetchpriority=\"high\" decoding=\"async\" width=\"370\" height=\"350\" src=\"https:\/\/cedam.fr\/wp-content\/uploads\/2023\/06\/facadelaque.jpg\" class=\"attachment-large size-large wp-image-21531\" alt=\"\" srcset=\"https:\/\/cedam.fr\/wp-content\/uploads\/2023\/06\/facadelaque.jpg 370w, https:\/\/cedam.fr\/wp-content\/uploads\/2023\/06\/facadelaque-300x284.jpg 300w\" sizes=\"(max-width: 370px) 100vw, 370px\" \/>\t\t\t\t\t\t\t\t\t\t\t\t\t\t\t<\/div>\n\t\t\t\t<\/div>\n\t\t\t\t\t<\/div>\n\t\t<\/div>\n\t\t\t\t\t<\/div>\n\t\t<\/section>\n\t\t\t\t<section class=\"elementor-section elementor-inner-section elementor-element elementor-element-496f0b1 elementor-section-boxed elementor-section-height-default elementor-section-height-default\" data-id=\"496f0b1\" data-element_type=\"section\" data-e-type=\"section\" data-settings=\"{&quot;background_background&quot;:&quot;classic&quot;}\">\n\t\t\t\t\t\t<div class=\"elementor-container elementor-column-gap-extended\">\n\t\t\t\t\t<div class=\"elementor-column elementor-col-50 elementor-inner-column elementor-element elementor-element-b17a280 elementor-invisible\" data-id=\"b17a280\" data-element_type=\"column\" data-e-type=\"column\" data-settings=\"{&quot;background_background&quot;:&quot;classic&quot;,&quot;animation&quot;:&quot;fadeInLeft&quot;}\">\n\t\t\t<div class=\"elementor-widget-wrap elementor-element-populated\">\n\t\t\t\t\t\t<div class=\"elementor-element elementor-element-59bf5a7 elementor-widget elementor-widget-heading\" data-id=\"59bf5a7\" data-element_type=\"widget\" data-e-type=\"widget\" data-widget_type=\"heading.default\">\n\t\t\t\t<div class=\"elementor-widget-container\">\n\t\t\t\t\t<h3 class=\"elementor-heading-title elementor-size-default\">Innovation<\/h3>\t\t\t\t<\/div>\n\t\t\t\t<\/div>\n\t\t\t\t<div class=\"elementor-element elementor-element-1be9338 elementor-widget elementor-widget-text-editor\" data-id=\"1be9338\" data-element_type=\"widget\" data-e-type=\"widget\" data-widget_type=\"text-editor.default\">\n\t\t\t\t<div class=\"elementor-widget-container\">\n\t\t\t\t\t\t\t\t\t<p>Unsere Forschungs- und Entwicklungsabteilung h\u00f6rt dem Markt zu, um jedes Jahr neue, einzigartige Kollektionen anzubieten, die an der <strong>Spitze der aktuellen Trends<\/strong> stehen.<\/p>\n\t\t\t\t\t\t\t\t<\/div>\n\t\t\t\t<\/div>\n\t\t\t\t\t<\/div>\n\t\t<\/div>\n\t\t\t\t<div class=\"elementor-column elementor-col-50 elementor-inner-column elementor-element elementor-element-a4c98d3 elementor-invisible\" data-id=\"a4c98d3\" data-element_type=\"column\" data-e-type=\"column\" data-settings=\"{&quot;background_background&quot;:&quot;classic&quot;,&quot;animation&quot;:&quot;fadeInRight&quot;}\">\n\t\t\t<div class=\"elementor-widget-wrap elementor-element-populated\">\n\t\t\t\t\t\t<div class=\"elementor-element elementor-element-fd987ae elementor-widget elementor-widget-heading\" data-id=\"fd987ae\" data-element_type=\"widget\" data-e-type=\"widget\" data-widget_type=\"heading.default\">\n\t\t\t\t<div class=\"elementor-widget-container\">\n\t\t\t\t\t<h3 class=\"elementor-heading-title elementor-size-default\">Verpflichtung zur Qualit\u00e4t<\/h3>\t\t\t\t<\/div>\n\t\t\t\t<\/div>\n\t\t\t\t<div class=\"elementor-element elementor-element-b2800aa elementor-widget elementor-widget-text-editor\" data-id=\"b2800aa\" data-element_type=\"widget\" data-e-type=\"widget\" data-widget_type=\"text-editor.default\">\n\t\t\t\t<div class=\"elementor-widget-container\">\n\t\t\t\t\t\t\t\t\t<p>Wir w\u00e4hlen f\u00fcr Sie hochwertige <strong>Materialien<\/strong> aus, damit Ihre Badezimmerm\u00f6bel eine <strong>langlebige Investition<\/strong> sind.<\/p>\n<p>Unsere Entwicklungsabteilung konzentriert sich bereits bei der Produktentwicklung auf die Zuverl\u00e4ssigkeit der in die Herstellung eingehenden Komponenten, insbesondere auf die sich bewegenden Mechanismen, die w\u00e4hrend der gesamten Lebensdauer des Produkts st\u00e4rker beansprucht werden.<\/p>\n\t\t\t\t\t\t\t\t<\/div>\n\t\t\t\t<\/div>\n\t\t\t\t\t<\/div>\n\t\t<\/div>\n\t\t\t\t\t<\/div>\n\t\t<\/section>\n\t\t\t\t<div class=\"elementor-element elementor-element-535edb7 elementor-widget elementor-widget-heading\" data-id=\"535edb7\" data-element_type=\"widget\" data-e-type=\"widget\" data-widget_type=\"heading.default\">\n\t\t\t\t<div class=\"elementor-widget-container\">\n\t\t\t\t\t<h2 class=\"elementor-heading-title elementor-size-default\">Industrielle Mittel<\/h2>\t\t\t\t<\/div>\n\t\t\t\t<\/div>\n\t\t\t\t<section class=\"elementor-section elementor-inner-section elementor-element elementor-element-8059d20 elementor-section-boxed elementor-section-height-default elementor-section-height-default\" data-id=\"8059d20\" data-element_type=\"section\" data-e-type=\"section\">\n\t\t\t\t\t\t<div class=\"elementor-container elementor-column-gap-default\">\n\t\t\t\t\t<div class=\"elementor-column elementor-col-50 elementor-inner-column elementor-element elementor-element-db4ac44\" data-id=\"db4ac44\" data-element_type=\"column\" data-e-type=\"column\">\n\t\t\t<div class=\"elementor-widget-wrap elementor-element-populated\">\n\t\t\t\t\t\t<div class=\"elementor-element elementor-element-cbb0f1c elementor-widget elementor-widget-image\" data-id=\"cbb0f1c\" data-element_type=\"widget\" data-e-type=\"widget\" data-widget_type=\"image.default\">\n\t\t\t\t<div class=\"elementor-widget-container\">\n\t\t\t\t\t\t\t\t\t\t\t\t\t\t\t<img decoding=\"async\" width=\"800\" height=\"530\" src=\"https:\/\/cedam.fr\/wp-content\/uploads\/2023\/06\/parcmachine4_0-1-1024x678.jpg\" class=\"attachment-large size-large wp-image-21551\" alt=\"\" srcset=\"https:\/\/cedam.fr\/wp-content\/uploads\/2023\/06\/parcmachine4_0-1-1024x678.jpg 1024w, https:\/\/cedam.fr\/wp-content\/uploads\/2023\/06\/parcmachine4_0-1-300x199.jpg 300w, https:\/\/cedam.fr\/wp-content\/uploads\/2023\/06\/parcmachine4_0-1-768x508.jpg 768w, https:\/\/cedam.fr\/wp-content\/uploads\/2023\/06\/parcmachine4_0-1-1536x1017.jpg 1536w, https:\/\/cedam.fr\/wp-content\/uploads\/2023\/06\/parcmachine4_0-1.jpg 2000w\" sizes=\"(max-width: 800px) 100vw, 800px\" \/>\t\t\t\t\t\t\t\t\t\t\t\t\t\t\t<\/div>\n\t\t\t\t<\/div>\n\t\t\t\t\t<\/div>\n\t\t<\/div>\n\t\t\t\t<div class=\"elementor-column elementor-col-50 elementor-inner-column elementor-element elementor-element-e6471be\" data-id=\"e6471be\" data-element_type=\"column\" data-e-type=\"column\">\n\t\t\t<div class=\"elementor-widget-wrap elementor-element-populated\">\n\t\t\t\t\t\t<div class=\"elementor-element elementor-element-ce490f2 elementor-widget elementor-widget-text-editor\" data-id=\"ce490f2\" data-element_type=\"widget\" data-e-type=\"widget\" data-widget_type=\"text-editor.default\">\n\t\t\t\t<div class=\"elementor-widget-container\">\n\t\t\t\t\t\t\t\t\t<p><strong>Eine Produktion auf Abruf dank einer neuen automatisierten Produktionsanlage bringt CEDAM in das Zeitalter 2.0.<\/strong><\/p>\n<p>Die Gesch\u00e4ftsleitung hat die Nachfrage dieser gro\u00dfen Einzelhandelsketten und die Entwicklung der Exportm\u00e4rkte vorweggenommen, indem sie in eine <strong>neue automatisierte Produktionsanlage<\/strong> investiert hat, die seit Juni 2016 in Betrieb ist.<\/p>\n<p>Die Installation des CNC-Maschinenparks, der aus einem  <strong>Lagerist-S\u00e4ge<\/strong>, eines  <strong>Bearbeitungszentrum<\/strong>, einer <strong>D\u00fcbellochmaschine<\/strong>, einer <strong>Kantenanleimmaschine<\/strong> und einer <strong>neuen Absaugung<\/strong> wird die Produktionskapazit\u00e4t und Reaktionsf\u00e4higkeit sicherstellen, die M\u00f6glichkeit bieten, die Erwartungen der verschiedenen M\u00e4rkte, die das Unternehmen entwickeln m\u00f6chte (Bauwesen, Export&#8230;), bestm\u00f6glich zu erf\u00fcllen, und auch dazu beitragen, die <strong>\u00f6kologischen Auswirkungen der Produktion zu verringern<\/strong>.<\/p>\n<p>Keine Lagerhaltung mehr, sondern <strong>Produktion auf<\/strong> Abruf, zum Vorteil unserer Kunden, die immer h\u00f6here Qualit\u00e4tsanspr\u00fcche stellen und immer spezifischere und individualisierbare Produkte nachfragen.<\/p>\n\t\t\t\t\t\t\t\t<\/div>\n\t\t\t\t<\/div>\n\t\t\t\t\t<\/div>\n\t\t<\/div>\n\t\t\t\t\t<\/div>\n\t\t<\/section>\n\t\t\t\t\t<\/div>\n\t\t<\/div>\n\t\t\t\t\t<\/div>\n\t\t<\/section>\n\t\t\t\t<\/div>\n\t\t","protected":false},"excerpt":{"rendered":"<p>Ein umfassendes und individuelles Angebot Durch st\u00e4ndige Innovation bieten wir Ihnen eine gro\u00dfe Auswahl an M\u00f6beln in trendigen Materialien und Farben mit Oberfl\u00e4chen, die sich unglaublich nat\u00fcrlich anf\u00fchlen. Entdecken Sie unsere gro\u00dfe Auswahl an Oberfl\u00e4chen (Melamin, Laminat, Lack&#8230;) und Unifarben in Hochglanz und Matt oder Holzdekoren, die sich auch kombinieren lassen. Gestalten Sie Ihr M\u00f6belst\u00fcck [&hellip;]<\/p>\n","protected":false},"author":4,"featured_media":22765,"parent":0,"menu_order":0,"comment_status":"closed","ping_status":"closed","template":"","meta":{"_acf_changed":false,"footnotes":""},"class_list":["post-23592","page","type-page","status-publish","has-post-thumbnail","hentry"],"acf":[],"yoast_head":"<!-- This site is optimized with the Yoast SEO plugin v27.3 - https:\/\/yoast.com\/product\/yoast-seo-wordpress\/ -->\n<title>Know-how und Qualit\u00e4t - Cedam<\/title>\n<meta name=\"description\" content=\"Seit \u00fcber 30 Jahren gestaltet Cedam den Raum des Badezimmers mit trendigen Linien neu, die Design, Funktionalit\u00e4t und \u00c4sthetik miteinander verbinden.\" \/>\n<meta name=\"robots\" content=\"index, follow, max-snippet:-1, max-image-preview:large, max-video-preview:-1\" \/>\n<link rel=\"canonical\" href=\"https:\/\/cedam.fr\/de\/know-how-und-qualitaet\/\" \/>\n<meta property=\"og:locale\" content=\"de_DE\" \/>\n<meta property=\"og:type\" content=\"article\" \/>\n<meta property=\"og:title\" content=\"Know-how und Qualit\u00e4t - Cedam\" \/>\n<meta property=\"og:description\" content=\"Seit \u00fcber 30 Jahren gestaltet Cedam den Raum des Badezimmers mit trendigen Linien neu, die Design, Funktionalit\u00e4t und \u00c4sthetik miteinander verbinden.\" \/>\n<meta property=\"og:url\" content=\"https:\/\/cedam.fr\/de\/know-how-und-qualitaet\/\" \/>\n<meta property=\"og:site_name\" content=\"Cedam\" \/>\n<meta property=\"article:modified_time\" content=\"2023-09-29T07:21:22+00:00\" \/>\n<meta property=\"og:image\" content=\"https:\/\/cedam.fr\/wp-content\/uploads\/2023\/06\/facadelaque.jpg\" \/>\n<meta name=\"twitter:card\" content=\"summary_large_image\" \/>\n<meta name=\"twitter:label1\" content=\"Gesch\u00e4tzte Lesezeit\" \/>\n\t<meta name=\"twitter:data1\" content=\"2\u00a0Minuten\" \/>\n<script type=\"application\/ld+json\" class=\"yoast-schema-graph\">{\"@context\":\"https:\\\/\\\/schema.org\",\"@graph\":[{\"@type\":\"WebPage\",\"@id\":\"https:\\\/\\\/cedam.fr\\\/de\\\/know-how-und-qualitaet\\\/\",\"url\":\"https:\\\/\\\/cedam.fr\\\/de\\\/know-how-und-qualitaet\\\/\",\"name\":\"Know-how und Qualit\u00e4t - Cedam\",\"isPartOf\":{\"@id\":\"https:\\\/\\\/cedam.fr\\\/de\\\/#website\"},\"primaryImageOfPage\":{\"@id\":\"https:\\\/\\\/cedam.fr\\\/de\\\/know-how-und-qualitaet\\\/#primaryimage\"},\"image\":{\"@id\":\"https:\\\/\\\/cedam.fr\\\/de\\\/know-how-und-qualitaet\\\/#primaryimage\"},\"thumbnailUrl\":\"https:\\\/\\\/cedam.fr\\\/wp-content\\\/uploads\\\/2023\\\/09\\\/Extenso-amb97.jpg\",\"datePublished\":\"2023-06-02T09:42:51+00:00\",\"dateModified\":\"2023-09-29T07:21:22+00:00\",\"description\":\"Seit \u00fcber 30 Jahren gestaltet Cedam den Raum des Badezimmers mit trendigen Linien neu, die Design, Funktionalit\u00e4t und \u00c4sthetik miteinander verbinden.\",\"breadcrumb\":{\"@id\":\"https:\\\/\\\/cedam.fr\\\/de\\\/know-how-und-qualitaet\\\/#breadcrumb\"},\"inLanguage\":\"de\",\"potentialAction\":[{\"@type\":\"ReadAction\",\"target\":[\"https:\\\/\\\/cedam.fr\\\/de\\\/know-how-und-qualitaet\\\/\"]}]},{\"@type\":\"ImageObject\",\"inLanguage\":\"de\",\"@id\":\"https:\\\/\\\/cedam.fr\\\/de\\\/know-how-und-qualitaet\\\/#primaryimage\",\"url\":\"https:\\\/\\\/cedam.fr\\\/wp-content\\\/uploads\\\/2023\\\/09\\\/Extenso-amb97.jpg\",\"contentUrl\":\"https:\\\/\\\/cedam.fr\\\/wp-content\\\/uploads\\\/2023\\\/09\\\/Extenso-amb97.jpg\",\"width\":1117,\"height\":798},{\"@type\":\"BreadcrumbList\",\"@id\":\"https:\\\/\\\/cedam.fr\\\/de\\\/know-how-und-qualitaet\\\/#breadcrumb\",\"itemListElement\":[{\"@type\":\"ListItem\",\"position\":1,\"name\":\"Accueil\",\"item\":\"https:\\\/\\\/cedam.fr\\\/de\\\/\"},{\"@type\":\"ListItem\",\"position\":2,\"name\":\"Know-how und Qualit\u00e4t\"}]},{\"@type\":\"WebSite\",\"@id\":\"https:\\\/\\\/cedam.fr\\\/de\\\/#website\",\"url\":\"https:\\\/\\\/cedam.fr\\\/de\\\/\",\"name\":\"Cedam\",\"description\":\"\",\"publisher\":{\"@id\":\"https:\\\/\\\/cedam.fr\\\/de\\\/#organization\"},\"potentialAction\":[{\"@type\":\"SearchAction\",\"target\":{\"@type\":\"EntryPoint\",\"urlTemplate\":\"https:\\\/\\\/cedam.fr\\\/de\\\/?s={search_term_string}\"},\"query-input\":{\"@type\":\"PropertyValueSpecification\",\"valueRequired\":true,\"valueName\":\"search_term_string\"}}],\"inLanguage\":\"de\"},{\"@type\":\"Organization\",\"@id\":\"https:\\\/\\\/cedam.fr\\\/de\\\/#organization\",\"name\":\"Cedam\",\"url\":\"https:\\\/\\\/cedam.fr\\\/de\\\/\",\"logo\":{\"@type\":\"ImageObject\",\"inLanguage\":\"de\",\"@id\":\"https:\\\/\\\/cedam.fr\\\/de\\\/#\\\/schema\\\/logo\\\/image\\\/\",\"url\":\"https:\\\/\\\/cedam.fr\\\/wp-content\\\/uploads\\\/2023\\\/02\\\/new_logo_white.svg\",\"contentUrl\":\"https:\\\/\\\/cedam.fr\\\/wp-content\\\/uploads\\\/2023\\\/02\\\/new_logo_white.svg\",\"caption\":\"Cedam\"},\"image\":{\"@id\":\"https:\\\/\\\/cedam.fr\\\/de\\\/#\\\/schema\\\/logo\\\/image\\\/\"}}]}<\/script>\n<!-- \/ Yoast SEO plugin. -->","yoast_head_json":{"title":"Know-how und Qualit\u00e4t - Cedam","description":"Seit \u00fcber 30 Jahren gestaltet Cedam den Raum des Badezimmers mit trendigen Linien neu, die Design, Funktionalit\u00e4t und \u00c4sthetik miteinander verbinden.","robots":{"index":"index","follow":"follow","max-snippet":"max-snippet:-1","max-image-preview":"max-image-preview:large","max-video-preview":"max-video-preview:-1"},"canonical":"https:\/\/cedam.fr\/de\/know-how-und-qualitaet\/","og_locale":"de_DE","og_type":"article","og_title":"Know-how und Qualit\u00e4t - Cedam","og_description":"Seit \u00fcber 30 Jahren gestaltet Cedam den Raum des Badezimmers mit trendigen Linien neu, die Design, Funktionalit\u00e4t und \u00c4sthetik miteinander verbinden.","og_url":"https:\/\/cedam.fr\/de\/know-how-und-qualitaet\/","og_site_name":"Cedam","article_modified_time":"2023-09-29T07:21:22+00:00","og_image":[{"url":"https:\/\/cedam.fr\/wp-content\/uploads\/2023\/06\/facadelaque.jpg","type":"","width":"","height":""}],"twitter_card":"summary_large_image","twitter_misc":{"Gesch\u00e4tzte Lesezeit":"2\u00a0Minuten"},"schema":{"@context":"https:\/\/schema.org","@graph":[{"@type":"WebPage","@id":"https:\/\/cedam.fr\/de\/know-how-und-qualitaet\/","url":"https:\/\/cedam.fr\/de\/know-how-und-qualitaet\/","name":"Know-how und Qualit\u00e4t - Cedam","isPartOf":{"@id":"https:\/\/cedam.fr\/de\/#website"},"primaryImageOfPage":{"@id":"https:\/\/cedam.fr\/de\/know-how-und-qualitaet\/#primaryimage"},"image":{"@id":"https:\/\/cedam.fr\/de\/know-how-und-qualitaet\/#primaryimage"},"thumbnailUrl":"https:\/\/cedam.fr\/wp-content\/uploads\/2023\/09\/Extenso-amb97.jpg","datePublished":"2023-06-02T09:42:51+00:00","dateModified":"2023-09-29T07:21:22+00:00","description":"Seit \u00fcber 30 Jahren gestaltet Cedam den Raum des Badezimmers mit trendigen Linien neu, die Design, Funktionalit\u00e4t und \u00c4sthetik miteinander verbinden.","breadcrumb":{"@id":"https:\/\/cedam.fr\/de\/know-how-und-qualitaet\/#breadcrumb"},"inLanguage":"de","potentialAction":[{"@type":"ReadAction","target":["https:\/\/cedam.fr\/de\/know-how-und-qualitaet\/"]}]},{"@type":"ImageObject","inLanguage":"de","@id":"https:\/\/cedam.fr\/de\/know-how-und-qualitaet\/#primaryimage","url":"https:\/\/cedam.fr\/wp-content\/uploads\/2023\/09\/Extenso-amb97.jpg","contentUrl":"https:\/\/cedam.fr\/wp-content\/uploads\/2023\/09\/Extenso-amb97.jpg","width":1117,"height":798},{"@type":"BreadcrumbList","@id":"https:\/\/cedam.fr\/de\/know-how-und-qualitaet\/#breadcrumb","itemListElement":[{"@type":"ListItem","position":1,"name":"Accueil","item":"https:\/\/cedam.fr\/de\/"},{"@type":"ListItem","position":2,"name":"Know-how und Qualit\u00e4t"}]},{"@type":"WebSite","@id":"https:\/\/cedam.fr\/de\/#website","url":"https:\/\/cedam.fr\/de\/","name":"Cedam","description":"","publisher":{"@id":"https:\/\/cedam.fr\/de\/#organization"},"potentialAction":[{"@type":"SearchAction","target":{"@type":"EntryPoint","urlTemplate":"https:\/\/cedam.fr\/de\/?s={search_term_string}"},"query-input":{"@type":"PropertyValueSpecification","valueRequired":true,"valueName":"search_term_string"}}],"inLanguage":"de"},{"@type":"Organization","@id":"https:\/\/cedam.fr\/de\/#organization","name":"Cedam","url":"https:\/\/cedam.fr\/de\/","logo":{"@type":"ImageObject","inLanguage":"de","@id":"https:\/\/cedam.fr\/de\/#\/schema\/logo\/image\/","url":"https:\/\/cedam.fr\/wp-content\/uploads\/2023\/02\/new_logo_white.svg","contentUrl":"https:\/\/cedam.fr\/wp-content\/uploads\/2023\/02\/new_logo_white.svg","caption":"Cedam"},"image":{"@id":"https:\/\/cedam.fr\/de\/#\/schema\/logo\/image\/"}}]}},"_links":{"self":[{"href":"https:\/\/cedam.fr\/de\/wp-json\/wp\/v2\/pages\/23592","targetHints":{"allow":["GET"]}}],"collection":[{"href":"https:\/\/cedam.fr\/de\/wp-json\/wp\/v2\/pages"}],"about":[{"href":"https:\/\/cedam.fr\/de\/wp-json\/wp\/v2\/types\/page"}],"author":[{"embeddable":true,"href":"https:\/\/cedam.fr\/de\/wp-json\/wp\/v2\/users\/4"}],"replies":[{"embeddable":true,"href":"https:\/\/cedam.fr\/de\/wp-json\/wp\/v2\/comments?post=23592"}],"version-history":[{"count":1,"href":"https:\/\/cedam.fr\/de\/wp-json\/wp\/v2\/pages\/23592\/revisions"}],"predecessor-version":[{"id":23597,"href":"https:\/\/cedam.fr\/de\/wp-json\/wp\/v2\/pages\/23592\/revisions\/23597"}],"wp:featuredmedia":[{"embeddable":true,"href":"https:\/\/cedam.fr\/de\/wp-json\/wp\/v2\/media\/22765"}],"wp:attachment":[{"href":"https:\/\/cedam.fr\/de\/wp-json\/wp\/v2\/media?parent=23592"}],"curies":[{"name":"wp","href":"https:\/\/api.w.org\/{rel}","templated":true}]}}