{"id":23553,"date":"2023-06-05T13:18:14","date_gmt":"2023-06-05T11:18:14","guid":{"rendered":"https:\/\/cedam.fr\/garantien\/"},"modified":"2023-09-29T09:18:10","modified_gmt":"2023-09-29T07:18:10","slug":"garantien","status":"publish","type":"page","link":"https:\/\/cedam.fr\/de\/garantien\/","title":{"rendered":"Garantien"},"content":{"rendered":"\t\t<div data-elementor-type=\"wp-page\" data-elementor-id=\"23553\" class=\"elementor elementor-23553 elementor-8009\" data-elementor-post-type=\"page\">\n\t\t\t\t\t\t<section class=\"elementor-section elementor-top-section elementor-element elementor-element-0e3414f elementor-section-height-min-height elementor-section-boxed elementor-section-height-default elementor-section-items-middle\" data-id=\"0e3414f\" data-element_type=\"section\" data-e-type=\"section\" data-settings=\"{&quot;background_background&quot;:&quot;classic&quot;}\">\n\t\t\t\t\t\t<div class=\"elementor-container elementor-column-gap-default\">\n\t\t\t\t\t<div class=\"elementor-column elementor-col-100 elementor-top-column elementor-element elementor-element-f1a482f\" data-id=\"f1a482f\" data-element_type=\"column\" data-e-type=\"column\">\n\t\t\t<div class=\"elementor-widget-wrap\">\n\t\t\t\t\t\t\t<\/div>\n\t\t<\/div>\n\t\t\t\t\t<\/div>\n\t\t<\/section>\n\t\t\t\t<section class=\"elementor-section elementor-top-section elementor-element elementor-element-775daa0 elementor-section-boxed elementor-section-height-default elementor-section-height-default\" data-id=\"775daa0\" data-element_type=\"section\" data-e-type=\"section\">\n\t\t\t\t\t\t<div class=\"elementor-container elementor-column-gap-default\">\n\t\t\t\t\t<div class=\"elementor-column elementor-col-100 elementor-top-column elementor-element elementor-element-49983b7\" data-id=\"49983b7\" data-element_type=\"column\" data-e-type=\"column\">\n\t\t\t<div class=\"elementor-widget-wrap elementor-element-populated\">\n\t\t\t\t\t\t<div class=\"elementor-element elementor-element-1cc1404 elementor-align-left elementor-widget elementor-widget-breadcrumbs\" data-id=\"1cc1404\" data-element_type=\"widget\" data-e-type=\"widget\" data-widget_type=\"breadcrumbs.default\">\n\t\t\t\t<div class=\"elementor-widget-container\">\n\t\t\t\t\t<p id=\"breadcrumbs\"><span><span><a href=\"https:\/\/cedam.fr\/de\/\">Accueil<\/a><\/span><\/span><\/p>\t\t\t\t<\/div>\n\t\t\t\t<\/div>\n\t\t\t\t\t<\/div>\n\t\t<\/div>\n\t\t\t\t\t<\/div>\n\t\t<\/section>\n\t\t\t\t<section class=\"elementor-section elementor-top-section elementor-element elementor-element-0cd410c elementor-section-full_width elementor-section-height-default elementor-section-height-default\" data-id=\"0cd410c\" data-element_type=\"section\" data-e-type=\"section\" data-settings=\"{&quot;background_background&quot;:&quot;classic&quot;}\">\n\t\t\t\t\t\t<div class=\"elementor-container elementor-column-gap-default\">\n\t\t\t\t\t<div class=\"elementor-column elementor-col-100 elementor-top-column elementor-element elementor-element-3eed2a0\" data-id=\"3eed2a0\" data-element_type=\"column\" data-e-type=\"column\">\n\t\t\t<div class=\"elementor-widget-wrap elementor-element-populated\">\n\t\t\t\t\t\t\t<\/div>\n\t\t<\/div>\n\t\t\t\t\t<\/div>\n\t\t<\/section>\n\t\t\t\t<section class=\"elementor-section elementor-top-section elementor-element elementor-element-7ef4bde elementor-section-boxed elementor-section-height-default elementor-section-height-default\" data-id=\"7ef4bde\" data-element_type=\"section\" data-e-type=\"section\" data-settings=\"{&quot;background_background&quot;:&quot;classic&quot;}\">\n\t\t\t\t\t\t<div class=\"elementor-container elementor-column-gap-default\">\n\t\t\t\t\t<div class=\"elementor-column elementor-col-100 elementor-top-column elementor-element elementor-element-cb15418\" data-id=\"cb15418\" data-element_type=\"column\" data-e-type=\"column\">\n\t\t\t<div class=\"elementor-widget-wrap elementor-element-populated\">\n\t\t\t\t\t\t<div class=\"elementor-element elementor-element-b8ffb44 elementor-widget elementor-widget-text-editor\" data-id=\"b8ffb44\" data-element_type=\"widget\" data-e-type=\"widget\" data-widget_type=\"text-editor.default\">\n\t\t\t\t<div class=\"elementor-widget-container\">\n\t\t\t\t\t\t\t\t\t<p>Um in den Genuss der von der Gesellschaft gew\u00e4hrten vertraglichen Garantie zu kommen, m\u00fcssen neue und alte Installationen, in die die Produkte eingebaut werden, gem\u00e4\u00df den geltenden Installationsnormen, den Regeln der Kunst und den in unseren technischen Dokumenten enthaltenen Vorschriften ausgef\u00fchrt werden und m\u00fcssen unbedingt von qualifizierten Fachleuten vorgenommen werden.<\/p>\n\t\t\t\t\t\t\t\t<\/div>\n\t\t\t\t<\/div>\n\t\t\t\t<div class=\"elementor-element elementor-element-cd828d1 elementor-widget elementor-widget-heading\" data-id=\"cd828d1\" data-element_type=\"widget\" data-e-type=\"widget\" data-widget_type=\"heading.default\">\n\t\t\t\t<div class=\"elementor-widget-container\">\n\t\t\t\t\t<h2 class=\"elementor-heading-title elementor-size-default\">ANWENDUNGSBEREICH<\/h2>\t\t\t\t<\/div>\n\t\t\t\t<\/div>\n\t\t\t\t<div class=\"elementor-element elementor-element-75aadea elementor-widget elementor-widget-text-editor\" data-id=\"75aadea\" data-element_type=\"widget\" data-e-type=\"widget\" data-widget_type=\"text-editor.default\">\n\t\t\t\t<div class=\"elementor-widget-container\">\n\t\t\t\t\t\t\t\t\t<p>Die vertraglichen Gew\u00e4hrleistungsfristen f\u00fcr CEDAM-Produkte sind wie folgt:<\/p>\n<ul>\n<li>Badezimmerm\u00f6bel und Waschtische: 5 Jahre<\/li>\n<li>Artikel aus Durocoat\u00ae (Waschbecken und Badewannen): 10 Jahre<\/li>\n<li>Spiegel, Armaturen, Badewannen, Duschwannen, Beleuchtungen sowie alle anderen Zubeh\u00f6rteile: 2 Jahre (ohne Gl\u00fchbirnen und Verbrauchsmaterial)<\/li>\n<\/ul>\n\t\t\t\t\t\t\t\t<\/div>\n\t\t\t\t<\/div>\n\t\t\t\t<div class=\"elementor-element elementor-element-3ee1825 elementor-widget elementor-widget-heading\" data-id=\"3ee1825\" data-element_type=\"widget\" data-e-type=\"widget\" data-widget_type=\"heading.default\">\n\t\t\t\t<div class=\"elementor-widget-container\">\n\t\t\t\t\t<h2 class=\"elementor-heading-title elementor-size-default\">GARANTIEBEDINGUNGEN<\/h2>\t\t\t\t<\/div>\n\t\t\t\t<\/div>\n\t\t\t\t<div class=\"elementor-element elementor-element-e420684 elementor-widget elementor-widget-text-editor\" data-id=\"e420684\" data-element_type=\"widget\" data-e-type=\"widget\" data-widget_type=\"text-editor.default\">\n\t\t\t\t<div class=\"elementor-widget-container\">\n\t\t\t\t\t\t\t\t\t<p>Die Garantie beginnt ab dem Kaufdatum des Produkts, das durch das Cedam Rechnungsdatum offiziell best\u00e4tigt wird.<br \/>Die Garantie deckt Produkte ab, die von Cedam als nicht konform anerkannt wurden, wie z. B. Material- und Herstellungsfehler.<br \/>Die Haftung von Cedam beschr\u00e4nkt sich auf die R\u00fcckerstattung oder den Ersatz der nicht konformen Teile. Die Garantie deckt nicht die Arbeitskosten ab, die mit diesen Ersetzungen verbunden sind (Kosten f\u00fcr den Ein-\/Ausbau).<br \/>Die im Rahmen der Garantie ausgetauschten Teile gehen in das Eigentum von Cedam \u00fcber und m\u00fcssen zur R\u00fccknahme bereitgehalten werden. Alle Antr\u00e4ge auf Kosten\u00fcbernahme m\u00fcssen schriftlich an das wiederverkaufende Gesch\u00e4ft weitergeleitet werden und sollten pr\u00e4zise sein, um die L\u00f6sung zu erleichtern.<\/p>\n\t\t\t\t\t\t\t\t<\/div>\n\t\t\t\t<\/div>\n\t\t\t\t<div class=\"elementor-element elementor-element-5b01c70 elementor-widget elementor-widget-heading\" data-id=\"5b01c70\" data-element_type=\"widget\" data-e-type=\"widget\" data-widget_type=\"heading.default\">\n\t\t\t\t<div class=\"elementor-widget-container\">\n\t\t\t\t\t<h2 class=\"elementor-heading-title elementor-size-default\">GARANTIEAUSSCHL\u00dcSSE<\/h2>\t\t\t\t<\/div>\n\t\t\t\t<\/div>\n\t\t\t\t<div class=\"elementor-element elementor-element-deef7cc elementor-widget elementor-widget-text-editor\" data-id=\"deef7cc\" data-element_type=\"widget\" data-e-type=\"widget\" data-widget_type=\"text-editor.default\">\n\t\t\t\t<div class=\"elementor-widget-container\">\n\t\t\t\t\t\t\t\t\t<p>Die vertragliche Garantie erstreckt sich nicht auf M\u00e4ngel, die dem K\u00e4ufer zum Zeitpunkt des Kaufs bekannt waren, oder auf M\u00e4ngel, die mit blo\u00dfem Auge erkennbar sind.<br \/>Sie deckt auch nicht die Folgen schlechter Lagerbedingungen ab;<br \/>normalem Verschlei\u00df;<br \/>die Umgestaltung eines Produkts; die Nichteinhaltung der Montagebedingungen (falsche Installationen oder Anschl\u00fcsse, anormale Spannungen, fehlende wasserdichte Dichtungen, Verwendung ungeeigneter Gl\u00fchbirnen, &#8230;) oder der Wartungsbedingungen (Schmieren, Auswechseln von Dichtungen oder Ventilen, Sp\u00fclen);<br \/>die Verwendung ungeeigneter Pflege- oder anderer Produkte (\u00e4tzende, scheuernde, entkalkende oder entfettende Mittel auf der Basis von Phosphor-, Fluor- oder Salzs\u00e4ure);<br \/>Kratzer, Abdr\u00fccke, Splitter oder Verbrennungen, die nach der Montage entstanden sind;<br \/>Unf\u00e4lle oder St\u00f6\u00dfe (herabfallende Gegenst\u00e4nde, &#8230;);<br \/>Sch\u00e4den, die durch die direkte Einwirkung von Wasser oder die Qualit\u00e4t des Wassers (Verkalkung, Aggressivit\u00e4t, Korrosion), das Einfrieren von Rohrleitungen, Lecks in Zu- oder Abflussrohren, unzureichende Bel\u00fcftung oder eine anormale W\u00e4rmequelle verursacht werden;<br \/>Besch\u00e4digungen durch Fremdk\u00f6rper (Sand, Feilsp\u00e4ne); Gl\u00fchbirnen in elektrischen Ger\u00e4ten.<br \/>F\u00fcr den K\u00e4ufer ist es wichtig, sich auf die Bestimmungen der Montage- und Wartungsanleitungen zu beziehen, die sich auf die jeweilige Produktkategorie beziehen.<br \/>Die Garantie gilt nicht f\u00fcr die Verwendung von Produkten, die f\u00fcr Fotoshootings oder Pr\u00e4sentationen in Ausstellungsr\u00e4umen, auf Messen und anderen kommerziellen Veranstaltungen verwendet wurden.<\/p>\n\t\t\t\t\t\t\t\t<\/div>\n\t\t\t\t<\/div>\n\t\t\t\t<div class=\"elementor-element elementor-element-80bde10 elementor-widget elementor-widget-heading\" data-id=\"80bde10\" data-element_type=\"widget\" data-e-type=\"widget\" data-widget_type=\"heading.default\">\n\t\t\t\t<div class=\"elementor-widget-container\">\n\t\t\t\t\t<h2 class=\"elementor-heading-title elementor-size-default\">TRANSPORTSCH\u00c4DEN<\/h2>\t\t\t\t<\/div>\n\t\t\t\t<\/div>\n\t\t\t\t<div class=\"elementor-element elementor-element-5729b9c elementor-widget elementor-widget-text-editor\" data-id=\"5729b9c\" data-element_type=\"widget\" data-e-type=\"widget\" data-widget_type=\"text-editor.default\">\n\t\t\t\t<div class=\"elementor-widget-container\">\n\t\t\t\t\t\t\t\t\t<p>Die Ger\u00e4te m\u00fcssen bei Erhalt beim H\u00e4ndler \u00fcberpr\u00fcft werden, und im Falle eines festgestellten Schadens m\u00fcssen genaue Vorbehalte auf dem Transportschein vermerkt werden.Die Meldung des festgestellten Schadens muss innerhalb von 48 Stunden bei Cedam erfolgen, wobei die Vorbehalte zu belegen sind. Die Garantie deckt keine Transportsch\u00e4den ab, die dem Spediteur und Cedam nicht rechtzeitig gemeldet wurden.<\/p>\n\t\t\t\t\t\t\t\t<\/div>\n\t\t\t\t<\/div>\n\t\t\t\t<div class=\"elementor-element elementor-element-b91a398 elementor-widget elementor-widget-heading\" data-id=\"b91a398\" data-element_type=\"widget\" data-e-type=\"widget\" data-widget_type=\"heading.default\">\n\t\t\t\t<div class=\"elementor-widget-container\">\n\t\t\t\t\t<h2 class=\"elementor-heading-title elementor-size-default\">FRANZ\u00d6SISCHE GESETZGEBUNG<\/h2>\t\t\t\t<\/div>\n\t\t\t\t<\/div>\n\t\t\t\t<div class=\"elementor-element elementor-element-7a59618 elementor-widget elementor-widget-text-editor\" data-id=\"7a59618\" data-element_type=\"widget\" data-e-type=\"widget\" data-widget_type=\"text-editor.default\">\n\t\t\t\t<div class=\"elementor-widget-container\">\n\t\t\t\t\t\t\t\t\t<p>Diese Garantie ber\u00fchrt nicht die Rechte des Verbrauchers, die nach den geltenden nationalen Gesetzen gelten. Diese Garantie l\u00e4sst die gesetzliche Garantie der Regelung f\u00fcr versteckte M\u00e4ngel bestehen: Artikel 1641 bis 1649 des B\u00fcrgerlichen Gesetzbuches.<\/p>\n\t\t\t\t\t\t\t\t<\/div>\n\t\t\t\t<\/div>\n\t\t\t\t\t<\/div>\n\t\t<\/div>\n\t\t\t\t\t<\/div>\n\t\t<\/section>\n\t\t\t\t<\/div>\n\t\t","protected":false},"excerpt":{"rendered":"<p>Um in den Genuss der von der Gesellschaft gew\u00e4hrten vertraglichen Garantie zu kommen, m\u00fcssen neue und alte Installationen, in die die Produkte eingebaut werden, gem\u00e4\u00df den geltenden Installationsnormen, den Regeln der Kunst und den in unseren technischen Dokumenten enthaltenen Vorschriften ausgef\u00fchrt werden und m\u00fcssen unbedingt von qualifizierten Fachleuten vorgenommen werden. ANWENDUNGSBEREICH Die vertraglichen Gew\u00e4hrleistungsfristen f\u00fcr [&hellip;]<\/p>\n","protected":false},"author":1,"featured_media":0,"parent":0,"menu_order":0,"comment_status":"closed","ping_status":"closed","template":"","meta":{"_acf_changed":false,"footnotes":""},"class_list":["post-23553","page","type-page","status-publish","hentry"],"acf":[],"yoast_head":"<!-- This site is optimized with the Yoast SEO plugin v27.4 - https:\/\/yoast.com\/product\/yoast-seo-wordpress\/ -->\n<title>Garantien, CEDAM Badezimmerm\u00f6bel<\/title>\n<meta name=\"description\" content=\"Sehen Sie sich alle Garantien f\u00fcr unsere CEDAM-Produkte an, damit Sie lange Freude an Ihrem Badezimmer haben.\" \/>\n<meta name=\"robots\" content=\"index, follow, max-snippet:-1, max-image-preview:large, max-video-preview:-1\" \/>\n<link rel=\"canonical\" href=\"https:\/\/cedam.fr\/de\/garantien\/\" \/>\n<meta property=\"og:locale\" content=\"de_DE\" \/>\n<meta property=\"og:type\" content=\"article\" \/>\n<meta property=\"og:title\" content=\"Garantien, CEDAM Badezimmerm\u00f6bel\" \/>\n<meta property=\"og:description\" content=\"Sehen Sie sich alle Garantien f\u00fcr unsere CEDAM-Produkte an, damit Sie lange Freude an Ihrem Badezimmer haben.\" \/>\n<meta property=\"og:url\" content=\"https:\/\/cedam.fr\/de\/garantien\/\" \/>\n<meta property=\"og:site_name\" content=\"Cedam\" \/>\n<meta property=\"article:modified_time\" content=\"2023-09-29T07:18:10+00:00\" \/>\n<meta name=\"twitter:card\" content=\"summary_large_image\" \/>\n<meta name=\"twitter:label1\" content=\"Gesch\u00e4tzte Lesezeit\" \/>\n\t<meta name=\"twitter:data1\" content=\"3\u00a0Minuten\" \/>\n<script type=\"application\/ld+json\" class=\"yoast-schema-graph\">{\"@context\":\"https:\\\/\\\/schema.org\",\"@graph\":[{\"@type\":\"WebPage\",\"@id\":\"https:\\\/\\\/cedam.fr\\\/de\\\/garantien\\\/\",\"url\":\"https:\\\/\\\/cedam.fr\\\/de\\\/garantien\\\/\",\"name\":\"Garantien, CEDAM Badezimmerm\u00f6bel\",\"isPartOf\":{\"@id\":\"https:\\\/\\\/cedam.fr\\\/de\\\/#website\"},\"datePublished\":\"2023-06-05T11:18:14+00:00\",\"dateModified\":\"2023-09-29T07:18:10+00:00\",\"description\":\"Sehen Sie sich alle Garantien f\u00fcr unsere CEDAM-Produkte an, damit Sie lange Freude an Ihrem Badezimmer haben.\",\"breadcrumb\":{\"@id\":\"https:\\\/\\\/cedam.fr\\\/de\\\/garantien\\\/#breadcrumb\"},\"inLanguage\":\"de\",\"potentialAction\":[{\"@type\":\"ReadAction\",\"target\":[\"https:\\\/\\\/cedam.fr\\\/de\\\/garantien\\\/\"]}]},{\"@type\":\"BreadcrumbList\",\"@id\":\"https:\\\/\\\/cedam.fr\\\/de\\\/garantien\\\/#breadcrumb\",\"itemListElement\":[{\"@type\":\"ListItem\",\"position\":1,\"name\":\"Accueil\",\"item\":\"https:\\\/\\\/cedam.fr\\\/de\\\/\"},{\"@type\":\"ListItem\",\"position\":2,\"name\":\"Garantien\"}]},{\"@type\":\"WebSite\",\"@id\":\"https:\\\/\\\/cedam.fr\\\/de\\\/#website\",\"url\":\"https:\\\/\\\/cedam.fr\\\/de\\\/\",\"name\":\"Cedam\",\"description\":\"\",\"publisher\":{\"@id\":\"https:\\\/\\\/cedam.fr\\\/de\\\/#organization\"},\"potentialAction\":[{\"@type\":\"SearchAction\",\"target\":{\"@type\":\"EntryPoint\",\"urlTemplate\":\"https:\\\/\\\/cedam.fr\\\/de\\\/?s={search_term_string}\"},\"query-input\":{\"@type\":\"PropertyValueSpecification\",\"valueRequired\":true,\"valueName\":\"search_term_string\"}}],\"inLanguage\":\"de\"},{\"@type\":\"Organization\",\"@id\":\"https:\\\/\\\/cedam.fr\\\/de\\\/#organization\",\"name\":\"Cedam\",\"url\":\"https:\\\/\\\/cedam.fr\\\/de\\\/\",\"logo\":{\"@type\":\"ImageObject\",\"inLanguage\":\"de\",\"@id\":\"https:\\\/\\\/cedam.fr\\\/de\\\/#\\\/schema\\\/logo\\\/image\\\/\",\"url\":\"https:\\\/\\\/cedam.fr\\\/wp-content\\\/uploads\\\/2023\\\/02\\\/new_logo_white.svg\",\"contentUrl\":\"https:\\\/\\\/cedam.fr\\\/wp-content\\\/uploads\\\/2023\\\/02\\\/new_logo_white.svg\",\"caption\":\"Cedam\"},\"image\":{\"@id\":\"https:\\\/\\\/cedam.fr\\\/de\\\/#\\\/schema\\\/logo\\\/image\\\/\"}}]}<\/script>\n<!-- \/ Yoast SEO plugin. -->","yoast_head_json":{"title":"Garantien, CEDAM Badezimmerm\u00f6bel","description":"Sehen Sie sich alle Garantien f\u00fcr unsere CEDAM-Produkte an, damit Sie lange Freude an Ihrem Badezimmer haben.","robots":{"index":"index","follow":"follow","max-snippet":"max-snippet:-1","max-image-preview":"max-image-preview:large","max-video-preview":"max-video-preview:-1"},"canonical":"https:\/\/cedam.fr\/de\/garantien\/","og_locale":"de_DE","og_type":"article","og_title":"Garantien, CEDAM Badezimmerm\u00f6bel","og_description":"Sehen Sie sich alle Garantien f\u00fcr unsere CEDAM-Produkte an, damit Sie lange Freude an Ihrem Badezimmer haben.","og_url":"https:\/\/cedam.fr\/de\/garantien\/","og_site_name":"Cedam","article_modified_time":"2023-09-29T07:18:10+00:00","twitter_card":"summary_large_image","twitter_misc":{"Gesch\u00e4tzte Lesezeit":"3\u00a0Minuten"},"schema":{"@context":"https:\/\/schema.org","@graph":[{"@type":"WebPage","@id":"https:\/\/cedam.fr\/de\/garantien\/","url":"https:\/\/cedam.fr\/de\/garantien\/","name":"Garantien, CEDAM Badezimmerm\u00f6bel","isPartOf":{"@id":"https:\/\/cedam.fr\/de\/#website"},"datePublished":"2023-06-05T11:18:14+00:00","dateModified":"2023-09-29T07:18:10+00:00","description":"Sehen Sie sich alle Garantien f\u00fcr unsere CEDAM-Produkte an, damit Sie lange Freude an Ihrem Badezimmer haben.","breadcrumb":{"@id":"https:\/\/cedam.fr\/de\/garantien\/#breadcrumb"},"inLanguage":"de","potentialAction":[{"@type":"ReadAction","target":["https:\/\/cedam.fr\/de\/garantien\/"]}]},{"@type":"BreadcrumbList","@id":"https:\/\/cedam.fr\/de\/garantien\/#breadcrumb","itemListElement":[{"@type":"ListItem","position":1,"name":"Accueil","item":"https:\/\/cedam.fr\/de\/"},{"@type":"ListItem","position":2,"name":"Garantien"}]},{"@type":"WebSite","@id":"https:\/\/cedam.fr\/de\/#website","url":"https:\/\/cedam.fr\/de\/","name":"Cedam","description":"","publisher":{"@id":"https:\/\/cedam.fr\/de\/#organization"},"potentialAction":[{"@type":"SearchAction","target":{"@type":"EntryPoint","urlTemplate":"https:\/\/cedam.fr\/de\/?s={search_term_string}"},"query-input":{"@type":"PropertyValueSpecification","valueRequired":true,"valueName":"search_term_string"}}],"inLanguage":"de"},{"@type":"Organization","@id":"https:\/\/cedam.fr\/de\/#organization","name":"Cedam","url":"https:\/\/cedam.fr\/de\/","logo":{"@type":"ImageObject","inLanguage":"de","@id":"https:\/\/cedam.fr\/de\/#\/schema\/logo\/image\/","url":"https:\/\/cedam.fr\/wp-content\/uploads\/2023\/02\/new_logo_white.svg","contentUrl":"https:\/\/cedam.fr\/wp-content\/uploads\/2023\/02\/new_logo_white.svg","caption":"Cedam"},"image":{"@id":"https:\/\/cedam.fr\/de\/#\/schema\/logo\/image\/"}}]}},"_links":{"self":[{"href":"https:\/\/cedam.fr\/de\/wp-json\/wp\/v2\/pages\/23553","targetHints":{"allow":["GET"]}}],"collection":[{"href":"https:\/\/cedam.fr\/de\/wp-json\/wp\/v2\/pages"}],"about":[{"href":"https:\/\/cedam.fr\/de\/wp-json\/wp\/v2\/types\/page"}],"author":[{"embeddable":true,"href":"https:\/\/cedam.fr\/de\/wp-json\/wp\/v2\/users\/1"}],"replies":[{"embeddable":true,"href":"https:\/\/cedam.fr\/de\/wp-json\/wp\/v2\/comments?post=23553"}],"version-history":[{"count":1,"href":"https:\/\/cedam.fr\/de\/wp-json\/wp\/v2\/pages\/23553\/revisions"}],"predecessor-version":[{"id":23560,"href":"https:\/\/cedam.fr\/de\/wp-json\/wp\/v2\/pages\/23553\/revisions\/23560"}],"wp:attachment":[{"href":"https:\/\/cedam.fr\/de\/wp-json\/wp\/v2\/media?parent=23553"}],"curies":[{"name":"wp","href":"https:\/\/api.w.org\/{rel}","templated":true}]}}