{"id":23552,"date":"2023-06-05T12:17:15","date_gmt":"2023-06-05T10:17:15","guid":{"rendered":"https:\/\/cedam.fr\/dokumentationen\/"},"modified":"2025-02-24T10:05:09","modified_gmt":"2025-02-24T09:05:09","slug":"dokumentationen","status":"publish","type":"page","link":"https:\/\/cedam.fr\/de\/dokumentationen\/","title":{"rendered":"Dokumentationen"},"content":{"rendered":"\t\t<div data-elementor-type=\"wp-page\" data-elementor-id=\"23552\" class=\"elementor elementor-23552 elementor-7928\" data-elementor-post-type=\"page\">\n\t\t\t\t\t\t<section class=\"elementor-section elementor-top-section elementor-element elementor-element-0e3414f elementor-section-height-min-height elementor-section-boxed elementor-section-height-default elementor-section-items-middle\" data-id=\"0e3414f\" data-element_type=\"section\" data-e-type=\"section\" data-settings=\"{&quot;background_background&quot;:&quot;classic&quot;}\">\n\t\t\t\t\t\t<div class=\"elementor-container elementor-column-gap-default\">\n\t\t\t\t\t<div class=\"elementor-column elementor-col-100 elementor-top-column elementor-element elementor-element-f1a482f\" data-id=\"f1a482f\" data-element_type=\"column\" data-e-type=\"column\">\n\t\t\t<div class=\"elementor-widget-wrap\">\n\t\t\t\t\t\t\t<\/div>\n\t\t<\/div>\n\t\t\t\t\t<\/div>\n\t\t<\/section>\n\t\t\t\t<section class=\"elementor-section elementor-top-section elementor-element elementor-element-775daa0 elementor-section-boxed elementor-section-height-default elementor-section-height-default\" data-id=\"775daa0\" data-element_type=\"section\" data-e-type=\"section\">\n\t\t\t\t\t\t<div class=\"elementor-container elementor-column-gap-default\">\n\t\t\t\t\t<div class=\"elementor-column elementor-col-100 elementor-top-column elementor-element elementor-element-49983b7\" data-id=\"49983b7\" data-element_type=\"column\" data-e-type=\"column\">\n\t\t\t<div class=\"elementor-widget-wrap elementor-element-populated\">\n\t\t\t\t\t\t<div class=\"elementor-element elementor-element-1cc1404 elementor-align-left elementor-widget elementor-widget-breadcrumbs\" data-id=\"1cc1404\" data-element_type=\"widget\" data-e-type=\"widget\" data-widget_type=\"breadcrumbs.default\">\n\t\t\t\t<div class=\"elementor-widget-container\">\n\t\t\t\t\t<p id=\"breadcrumbs\"><span><span><a href=\"https:\/\/cedam.fr\/de\/\">Accueil<\/a><\/span><\/span><\/p>\t\t\t\t<\/div>\n\t\t\t\t<\/div>\n\t\t\t\t\t<\/div>\n\t\t<\/div>\n\t\t\t\t\t<\/div>\n\t\t<\/section>\n\t\t\t\t<section class=\"elementor-section elementor-top-section elementor-element elementor-element-0cd410c elementor-section-full_width elementor-section-height-default elementor-section-height-default\" data-id=\"0cd410c\" data-element_type=\"section\" data-e-type=\"section\" data-settings=\"{&quot;background_background&quot;:&quot;classic&quot;}\">\n\t\t\t\t\t\t<div class=\"elementor-container elementor-column-gap-default\">\n\t\t\t\t\t<div class=\"elementor-column elementor-col-100 elementor-top-column elementor-element elementor-element-3eed2a0\" data-id=\"3eed2a0\" data-element_type=\"column\" data-e-type=\"column\">\n\t\t\t<div class=\"elementor-widget-wrap elementor-element-populated\">\n\t\t\t\t\t\t\t<\/div>\n\t\t<\/div>\n\t\t\t\t\t<\/div>\n\t\t<\/section>\n\t\t\t\t<section class=\"elementor-section elementor-top-section elementor-element elementor-element-7ef4bde elementor-section-boxed elementor-section-height-default elementor-section-height-default\" data-id=\"7ef4bde\" data-element_type=\"section\" data-e-type=\"section\" data-settings=\"{&quot;background_background&quot;:&quot;classic&quot;}\">\n\t\t\t\t\t\t<div class=\"elementor-container elementor-column-gap-default\">\n\t\t\t\t\t<div class=\"elementor-column elementor-col-33 elementor-top-column elementor-element elementor-element-cb15418 elementor-invisible\" data-id=\"cb15418\" data-element_type=\"column\" data-e-type=\"column\" data-settings=\"{&quot;animation&quot;:&quot;fadeInUp&quot;}\">\n\t\t\t<div class=\"elementor-widget-wrap elementor-element-populated\">\n\t\t\t\t\t\t<div class=\"elementor-element elementor-element-908a510 case_doc elementor-widget elementor-widget-image\" data-id=\"908a510\" data-element_type=\"widget\" data-e-type=\"widget\" data-widget_type=\"image.default\">\n\t\t\t\t<div class=\"elementor-widget-container\">\n\t\t\t\t\t\t\t\t\t\t\t\t<figure class=\"wp-caption\">\n\t\t\t\t\t\t\t\t\t\t\t<a href=\"https:\/\/cedam.fr\/wp-content\/uploads\/2024\/02\/Carnet-inspiration-2024.pdf\">\n\t\t\t\t\t\t\t<img fetchpriority=\"high\" decoding=\"async\" width=\"768\" height=\"799\" src=\"https:\/\/cedam.fr\/wp-content\/uploads\/2024\/03\/Carnet-inspiration-2024-copie-768x799.jpg\" class=\"attachment-medium_large size-medium_large wp-image-28533\" alt=\"\" srcset=\"https:\/\/cedam.fr\/wp-content\/uploads\/2024\/03\/Carnet-inspiration-2024-copie-768x799.jpg 768w, https:\/\/cedam.fr\/wp-content\/uploads\/2024\/03\/Carnet-inspiration-2024-copie-288x300.jpg 288w, https:\/\/cedam.fr\/wp-content\/uploads\/2024\/03\/Carnet-inspiration-2024-copie-984x1024.jpg 984w, https:\/\/cedam.fr\/wp-content\/uploads\/2024\/03\/Carnet-inspiration-2024-copie-1476x1536.jpg 1476w, https:\/\/cedam.fr\/wp-content\/uploads\/2024\/03\/Carnet-inspiration-2024-copie-1968x2048.jpg 1968w\" sizes=\"(max-width: 768px) 100vw, 768px\" \/>\t\t\t\t\t\t\t\t<\/a>\n\t\t\t\t\t\t\t\t\t\t\t<figcaption class=\"widget-image-caption wp-caption-text\">Ausz\u00fcge aus  <br>  Sammlung<\/figcaption>\n\t\t\t\t\t\t\t\t\t\t<\/figure>\n\t\t\t\t\t\t\t\t\t<\/div>\n\t\t\t\t<\/div>\n\t\t\t\t\t<\/div>\n\t\t<\/div>\n\t\t\t\t<div class=\"elementor-column elementor-col-33 elementor-top-column elementor-element elementor-element-bc63702 elementor-invisible\" data-id=\"bc63702\" data-element_type=\"column\" data-e-type=\"column\" data-settings=\"{&quot;animation&quot;:&quot;fadeInUp&quot;,&quot;animation_delay&quot;:200}\">\n\t\t\t<div class=\"elementor-widget-wrap elementor-element-populated\">\n\t\t\t\t\t\t<div class=\"elementor-element elementor-element-30f9d1d case_doc elementor-widget elementor-widget-image\" data-id=\"30f9d1d\" data-element_type=\"widget\" data-e-type=\"widget\" data-widget_type=\"image.default\">\n\t\t\t\t<div class=\"elementor-widget-container\">\n\t\t\t\t\t\t\t\t\t\t\t\t<figure class=\"wp-caption\">\n\t\t\t\t\t\t\t\t\t\t\t<a href=\"https:\/\/cedam.fr\/wp-content\/uploads\/2023\/05\/formulaire_de_commande_extenso_0.pdf\">\n\t\t\t\t\t\t\t<img decoding=\"async\" width=\"400\" height=\"400\" src=\"https:\/\/cedam.fr\/wp-content\/uploads\/2023\/06\/formulaire_extenso.jpg\" class=\"attachment-large size-large wp-image-21671\" alt=\"\" srcset=\"https:\/\/cedam.fr\/wp-content\/uploads\/2023\/06\/formulaire_extenso.jpg 400w, https:\/\/cedam.fr\/wp-content\/uploads\/2023\/06\/formulaire_extenso-300x300.jpg 300w, https:\/\/cedam.fr\/wp-content\/uploads\/2023\/06\/formulaire_extenso-150x150.jpg 150w\" sizes=\"(max-width: 400px) 100vw, 400px\" \/>\t\t\t\t\t\t\t\t<\/a>\n\t\t\t\t\t\t\t\t\t\t\t<figcaption class=\"widget-image-caption wp-caption-text\">Formular von  <br>  Extenso-Befehl<\/figcaption>\n\t\t\t\t\t\t\t\t\t\t<\/figure>\n\t\t\t\t\t\t\t\t\t<\/div>\n\t\t\t\t<\/div>\n\t\t\t\t\t<\/div>\n\t\t<\/div>\n\t\t\t\t<div class=\"elementor-column elementor-col-33 elementor-top-column elementor-element elementor-element-1f3c5e2 elementor-invisible\" data-id=\"1f3c5e2\" data-element_type=\"column\" data-e-type=\"column\" data-settings=\"{&quot;animation&quot;:&quot;fadeInUp&quot;,&quot;animation_delay&quot;:400}\">\n\t\t\t<div class=\"elementor-widget-wrap elementor-element-populated\">\n\t\t\t\t\t\t<div class=\"elementor-element elementor-element-c6e21ba case_doc elementor-widget elementor-widget-image\" data-id=\"c6e21ba\" data-element_type=\"widget\" data-e-type=\"widget\" data-widget_type=\"image.default\">\n\t\t\t\t<div class=\"elementor-widget-container\">\n\t\t\t\t\t\t\t\t\t\t\t\t<figure class=\"wp-caption\">\n\t\t\t\t\t\t\t\t\t\t\t<a href=\"https:\/\/cedam.fr\/wp-content\/uploads\/2024\/01\/livret-notice-2024.pdf\">\n\t\t\t\t\t\t\t<img decoding=\"async\" width=\"400\" height=\"400\" src=\"https:\/\/cedam.fr\/wp-content\/uploads\/2023\/06\/livret_technique.jpg\" class=\"attachment-large size-large wp-image-21673\" alt=\"\" srcset=\"https:\/\/cedam.fr\/wp-content\/uploads\/2023\/06\/livret_technique.jpg 400w, https:\/\/cedam.fr\/wp-content\/uploads\/2023\/06\/livret_technique-300x300.jpg 300w, https:\/\/cedam.fr\/wp-content\/uploads\/2023\/06\/livret_technique-150x150.jpg 150w\" sizes=\"(max-width: 400px) 100vw, 400px\" \/>\t\t\t\t\t\t\t\t<\/a>\n\t\t\t\t\t\t\t\t\t\t\t<figcaption class=\"widget-image-caption wp-caption-text\">Sparbuch  <br>  Technik<\/figcaption>\n\t\t\t\t\t\t\t\t\t\t<\/figure>\n\t\t\t\t\t\t\t\t\t<\/div>\n\t\t\t\t<\/div>\n\t\t\t\t\t<\/div>\n\t\t<\/div>\n\t\t\t\t\t<\/div>\n\t\t<\/section>\n\t\t\t\t<\/div>\n\t\t","protected":false},"excerpt":{"rendered":"<p>Ausz\u00fcge aus Sammlung Formular von Extenso-Befehl Sparbuch Technik<\/p>\n","protected":false},"author":1,"featured_media":0,"parent":0,"menu_order":0,"comment_status":"closed","ping_status":"closed","template":"","meta":{"_acf_changed":false,"footnotes":""},"class_list":["post-23552","page","type-page","status-publish","hentry"],"acf":[],"yoast_head":"<!-- This site is optimized with the Yoast SEO plugin v27.3 - https:\/\/yoast.com\/product\/yoast-seo-wordpress\/ -->\n<title>Dokumentationen, CEDAM Badezimmerm\u00f6bel<\/title>\n<meta name=\"description\" content=\"Schauen Sie sich die Dokumentation zu unseren Kollektionen und M\u00f6beln an. CEDAM ist ein franz\u00f6sischer Hersteller von Badezimmerm\u00f6beln\" \/>\n<meta name=\"robots\" content=\"index, follow, max-snippet:-1, max-image-preview:large, max-video-preview:-1\" \/>\n<link rel=\"canonical\" href=\"https:\/\/cedam.fr\/de\/dokumentationen\/\" \/>\n<meta property=\"og:locale\" content=\"de_DE\" \/>\n<meta property=\"og:type\" content=\"article\" \/>\n<meta property=\"og:title\" content=\"Dokumentationen, CEDAM Badezimmerm\u00f6bel\" \/>\n<meta property=\"og:description\" content=\"Schauen Sie sich die Dokumentation zu unseren Kollektionen und M\u00f6beln an. CEDAM ist ein franz\u00f6sischer Hersteller von Badezimmerm\u00f6beln\" \/>\n<meta property=\"og:url\" content=\"https:\/\/cedam.fr\/de\/dokumentationen\/\" \/>\n<meta property=\"og:site_name\" content=\"Cedam\" \/>\n<meta property=\"article:modified_time\" content=\"2025-02-24T09:05:09+00:00\" \/>\n<meta property=\"og:image\" content=\"https:\/\/cedam.fr\/wp-content\/uploads\/2024\/03\/Carnet-inspiration-2024-copie-768x799.jpg\" \/>\n<meta name=\"twitter:card\" content=\"summary_large_image\" \/>\n<meta name=\"twitter:label1\" content=\"Gesch\u00e4tzte Lesezeit\" \/>\n\t<meta name=\"twitter:data1\" content=\"1\u00a0Minute\" \/>\n<script type=\"application\/ld+json\" class=\"yoast-schema-graph\">{\"@context\":\"https:\\\/\\\/schema.org\",\"@graph\":[{\"@type\":\"WebPage\",\"@id\":\"https:\\\/\\\/cedam.fr\\\/de\\\/dokumentationen\\\/\",\"url\":\"https:\\\/\\\/cedam.fr\\\/de\\\/dokumentationen\\\/\",\"name\":\"Dokumentationen, CEDAM Badezimmerm\u00f6bel\",\"isPartOf\":{\"@id\":\"https:\\\/\\\/cedam.fr\\\/de\\\/#website\"},\"primaryImageOfPage\":{\"@id\":\"https:\\\/\\\/cedam.fr\\\/de\\\/dokumentationen\\\/#primaryimage\"},\"image\":{\"@id\":\"https:\\\/\\\/cedam.fr\\\/de\\\/dokumentationen\\\/#primaryimage\"},\"thumbnailUrl\":\"https:\\\/\\\/cedam.fr\\\/wp-content\\\/uploads\\\/2024\\\/03\\\/Carnet-inspiration-2024-copie-768x799.jpg\",\"datePublished\":\"2023-06-05T10:17:15+00:00\",\"dateModified\":\"2025-02-24T09:05:09+00:00\",\"description\":\"Schauen Sie sich die Dokumentation zu unseren Kollektionen und M\u00f6beln an. CEDAM ist ein franz\u00f6sischer Hersteller von Badezimmerm\u00f6beln\",\"breadcrumb\":{\"@id\":\"https:\\\/\\\/cedam.fr\\\/de\\\/dokumentationen\\\/#breadcrumb\"},\"inLanguage\":\"de\",\"potentialAction\":[{\"@type\":\"ReadAction\",\"target\":[\"https:\\\/\\\/cedam.fr\\\/de\\\/dokumentationen\\\/\"]}]},{\"@type\":\"ImageObject\",\"inLanguage\":\"de\",\"@id\":\"https:\\\/\\\/cedam.fr\\\/de\\\/dokumentationen\\\/#primaryimage\",\"url\":\"https:\\\/\\\/cedam.fr\\\/wp-content\\\/uploads\\\/2024\\\/03\\\/Carnet-inspiration-2024-copie-768x799.jpg\",\"contentUrl\":\"https:\\\/\\\/cedam.fr\\\/wp-content\\\/uploads\\\/2024\\\/03\\\/Carnet-inspiration-2024-copie-768x799.jpg\"},{\"@type\":\"BreadcrumbList\",\"@id\":\"https:\\\/\\\/cedam.fr\\\/de\\\/dokumentationen\\\/#breadcrumb\",\"itemListElement\":[{\"@type\":\"ListItem\",\"position\":1,\"name\":\"Accueil\",\"item\":\"https:\\\/\\\/cedam.fr\\\/de\\\/\"},{\"@type\":\"ListItem\",\"position\":2,\"name\":\"Dokumentationen\"}]},{\"@type\":\"WebSite\",\"@id\":\"https:\\\/\\\/cedam.fr\\\/de\\\/#website\",\"url\":\"https:\\\/\\\/cedam.fr\\\/de\\\/\",\"name\":\"Cedam\",\"description\":\"\",\"publisher\":{\"@id\":\"https:\\\/\\\/cedam.fr\\\/de\\\/#organization\"},\"potentialAction\":[{\"@type\":\"SearchAction\",\"target\":{\"@type\":\"EntryPoint\",\"urlTemplate\":\"https:\\\/\\\/cedam.fr\\\/de\\\/?s={search_term_string}\"},\"query-input\":{\"@type\":\"PropertyValueSpecification\",\"valueRequired\":true,\"valueName\":\"search_term_string\"}}],\"inLanguage\":\"de\"},{\"@type\":\"Organization\",\"@id\":\"https:\\\/\\\/cedam.fr\\\/de\\\/#organization\",\"name\":\"Cedam\",\"url\":\"https:\\\/\\\/cedam.fr\\\/de\\\/\",\"logo\":{\"@type\":\"ImageObject\",\"inLanguage\":\"de\",\"@id\":\"https:\\\/\\\/cedam.fr\\\/de\\\/#\\\/schema\\\/logo\\\/image\\\/\",\"url\":\"https:\\\/\\\/cedam.fr\\\/wp-content\\\/uploads\\\/2023\\\/02\\\/new_logo_white.svg\",\"contentUrl\":\"https:\\\/\\\/cedam.fr\\\/wp-content\\\/uploads\\\/2023\\\/02\\\/new_logo_white.svg\",\"caption\":\"Cedam\"},\"image\":{\"@id\":\"https:\\\/\\\/cedam.fr\\\/de\\\/#\\\/schema\\\/logo\\\/image\\\/\"}}]}<\/script>\n<!-- \/ Yoast SEO plugin. -->","yoast_head_json":{"title":"Dokumentationen, CEDAM Badezimmerm\u00f6bel","description":"Schauen Sie sich die Dokumentation zu unseren Kollektionen und M\u00f6beln an. CEDAM ist ein franz\u00f6sischer Hersteller von Badezimmerm\u00f6beln","robots":{"index":"index","follow":"follow","max-snippet":"max-snippet:-1","max-image-preview":"max-image-preview:large","max-video-preview":"max-video-preview:-1"},"canonical":"https:\/\/cedam.fr\/de\/dokumentationen\/","og_locale":"de_DE","og_type":"article","og_title":"Dokumentationen, CEDAM Badezimmerm\u00f6bel","og_description":"Schauen Sie sich die Dokumentation zu unseren Kollektionen und M\u00f6beln an. CEDAM ist ein franz\u00f6sischer Hersteller von Badezimmerm\u00f6beln","og_url":"https:\/\/cedam.fr\/de\/dokumentationen\/","og_site_name":"Cedam","article_modified_time":"2025-02-24T09:05:09+00:00","og_image":[{"url":"https:\/\/cedam.fr\/wp-content\/uploads\/2024\/03\/Carnet-inspiration-2024-copie-768x799.jpg","type":"","width":"","height":""}],"twitter_card":"summary_large_image","twitter_misc":{"Gesch\u00e4tzte Lesezeit":"1\u00a0Minute"},"schema":{"@context":"https:\/\/schema.org","@graph":[{"@type":"WebPage","@id":"https:\/\/cedam.fr\/de\/dokumentationen\/","url":"https:\/\/cedam.fr\/de\/dokumentationen\/","name":"Dokumentationen, CEDAM Badezimmerm\u00f6bel","isPartOf":{"@id":"https:\/\/cedam.fr\/de\/#website"},"primaryImageOfPage":{"@id":"https:\/\/cedam.fr\/de\/dokumentationen\/#primaryimage"},"image":{"@id":"https:\/\/cedam.fr\/de\/dokumentationen\/#primaryimage"},"thumbnailUrl":"https:\/\/cedam.fr\/wp-content\/uploads\/2024\/03\/Carnet-inspiration-2024-copie-768x799.jpg","datePublished":"2023-06-05T10:17:15+00:00","dateModified":"2025-02-24T09:05:09+00:00","description":"Schauen Sie sich die Dokumentation zu unseren Kollektionen und M\u00f6beln an. CEDAM ist ein franz\u00f6sischer Hersteller von Badezimmerm\u00f6beln","breadcrumb":{"@id":"https:\/\/cedam.fr\/de\/dokumentationen\/#breadcrumb"},"inLanguage":"de","potentialAction":[{"@type":"ReadAction","target":["https:\/\/cedam.fr\/de\/dokumentationen\/"]}]},{"@type":"ImageObject","inLanguage":"de","@id":"https:\/\/cedam.fr\/de\/dokumentationen\/#primaryimage","url":"https:\/\/cedam.fr\/wp-content\/uploads\/2024\/03\/Carnet-inspiration-2024-copie-768x799.jpg","contentUrl":"https:\/\/cedam.fr\/wp-content\/uploads\/2024\/03\/Carnet-inspiration-2024-copie-768x799.jpg"},{"@type":"BreadcrumbList","@id":"https:\/\/cedam.fr\/de\/dokumentationen\/#breadcrumb","itemListElement":[{"@type":"ListItem","position":1,"name":"Accueil","item":"https:\/\/cedam.fr\/de\/"},{"@type":"ListItem","position":2,"name":"Dokumentationen"}]},{"@type":"WebSite","@id":"https:\/\/cedam.fr\/de\/#website","url":"https:\/\/cedam.fr\/de\/","name":"Cedam","description":"","publisher":{"@id":"https:\/\/cedam.fr\/de\/#organization"},"potentialAction":[{"@type":"SearchAction","target":{"@type":"EntryPoint","urlTemplate":"https:\/\/cedam.fr\/de\/?s={search_term_string}"},"query-input":{"@type":"PropertyValueSpecification","valueRequired":true,"valueName":"search_term_string"}}],"inLanguage":"de"},{"@type":"Organization","@id":"https:\/\/cedam.fr\/de\/#organization","name":"Cedam","url":"https:\/\/cedam.fr\/de\/","logo":{"@type":"ImageObject","inLanguage":"de","@id":"https:\/\/cedam.fr\/de\/#\/schema\/logo\/image\/","url":"https:\/\/cedam.fr\/wp-content\/uploads\/2023\/02\/new_logo_white.svg","contentUrl":"https:\/\/cedam.fr\/wp-content\/uploads\/2023\/02\/new_logo_white.svg","caption":"Cedam"},"image":{"@id":"https:\/\/cedam.fr\/de\/#\/schema\/logo\/image\/"}}]}},"_links":{"self":[{"href":"https:\/\/cedam.fr\/de\/wp-json\/wp\/v2\/pages\/23552","targetHints":{"allow":["GET"]}}],"collection":[{"href":"https:\/\/cedam.fr\/de\/wp-json\/wp\/v2\/pages"}],"about":[{"href":"https:\/\/cedam.fr\/de\/wp-json\/wp\/v2\/types\/page"}],"author":[{"embeddable":true,"href":"https:\/\/cedam.fr\/de\/wp-json\/wp\/v2\/users\/1"}],"replies":[{"embeddable":true,"href":"https:\/\/cedam.fr\/de\/wp-json\/wp\/v2\/comments?post=23552"}],"version-history":[{"count":4,"href":"https:\/\/cedam.fr\/de\/wp-json\/wp\/v2\/pages\/23552\/revisions"}],"predecessor-version":[{"id":31724,"href":"https:\/\/cedam.fr\/de\/wp-json\/wp\/v2\/pages\/23552\/revisions\/31724"}],"wp:attachment":[{"href":"https:\/\/cedam.fr\/de\/wp-json\/wp\/v2\/media?parent=23552"}],"curies":[{"name":"wp","href":"https:\/\/api.w.org\/{rel}","templated":true}]}}