{"id":23187,"date":"2023-09-21T09:25:48","date_gmt":"2023-09-21T07:25:48","guid":{"rendered":"https:\/\/cedam.fr\/kollektionen\/"},"modified":"2023-09-21T09:25:48","modified_gmt":"2023-09-21T07:25:48","slug":"kollektionen","status":"publish","type":"page","link":"https:\/\/cedam.fr\/de\/kollektionen\/","title":{"rendered":"KOLLEKTIONEN"},"content":{"rendered":"","protected":false},"excerpt":{"rendered":"","protected":false},"author":2,"featured_media":0,"parent":0,"menu_order":0,"comment_status":"closed","ping_status":"closed","template":"","meta":{"_acf_changed":false,"footnotes":""},"class_list":["post-23187","page","type-page","status-publish","hentry"],"acf":[],"yoast_head":"<!-- This site is optimized with the Yoast SEO plugin v27.3 - https:\/\/yoast.com\/product\/yoast-seo-wordpress\/ -->\n<title>KOLLEKTIONEN - Cedam<\/title>\n<meta name=\"description\" content=\"Wir bei Cedam glauben, dass das Badezimmer mehr als nur ein funktionaler Raum ist. Es ist ein pers\u00f6nlicher Zufluchtsort, ein Ort, an dem Sie sich entspannen, Kraft tanken und sich auf jeden neuen Tag vorbereiten k\u00f6nnen. Deshalb haben wir unser Fachwissen darauf verwendet, Kollektionen von Badezimmerm\u00f6beln zu entwerfen, die Funktionalit\u00e4t, \u00c4sthetik und un\u00fcbertroffene Qualit\u00e4t vereinen.\" \/>\n<meta name=\"robots\" content=\"index, follow, max-snippet:-1, max-image-preview:large, max-video-preview:-1\" \/>\n<link rel=\"canonical\" href=\"https:\/\/cedam.fr\/de\/kollektionen\/\" \/>\n<meta property=\"og:locale\" content=\"de_DE\" \/>\n<meta property=\"og:type\" content=\"article\" \/>\n<meta property=\"og:title\" content=\"KOLLEKTIONEN - Cedam\" \/>\n<meta property=\"og:description\" content=\"Wir bei Cedam glauben, dass das Badezimmer mehr als nur ein funktionaler Raum ist. Es ist ein pers\u00f6nlicher Zufluchtsort, ein Ort, an dem Sie sich entspannen, Kraft tanken und sich auf jeden neuen Tag vorbereiten k\u00f6nnen. Deshalb haben wir unser Fachwissen darauf verwendet, Kollektionen von Badezimmerm\u00f6beln zu entwerfen, die Funktionalit\u00e4t, \u00c4sthetik und un\u00fcbertroffene Qualit\u00e4t vereinen.\" \/>\n<meta property=\"og:url\" content=\"https:\/\/cedam.fr\/de\/kollektionen\/\" \/>\n<meta property=\"og:site_name\" content=\"Cedam\" \/>\n<meta name=\"twitter:card\" content=\"summary_large_image\" \/>\n<script type=\"application\/ld+json\" class=\"yoast-schema-graph\">{\"@context\":\"https:\\\/\\\/schema.org\",\"@graph\":[{\"@type\":\"WebPage\",\"@id\":\"https:\\\/\\\/cedam.fr\\\/de\\\/kollektionen\\\/\",\"url\":\"https:\\\/\\\/cedam.fr\\\/de\\\/kollektionen\\\/\",\"name\":\"KOLLEKTIONEN - Cedam\",\"isPartOf\":{\"@id\":\"https:\\\/\\\/cedam.fr\\\/de\\\/#website\"},\"datePublished\":\"2023-09-21T07:25:48+00:00\",\"description\":\"Wir bei Cedam glauben, dass das Badezimmer mehr als nur ein funktionaler Raum ist. Es ist ein pers\u00f6nlicher Zufluchtsort, ein Ort, an dem Sie sich entspannen, Kraft tanken und sich auf jeden neuen Tag vorbereiten k\u00f6nnen. Deshalb haben wir unser Fachwissen darauf verwendet, Kollektionen von Badezimmerm\u00f6beln zu entwerfen, die Funktionalit\u00e4t, \u00c4sthetik und un\u00fcbertroffene Qualit\u00e4t vereinen.\",\"breadcrumb\":{\"@id\":\"https:\\\/\\\/cedam.fr\\\/de\\\/kollektionen\\\/#breadcrumb\"},\"inLanguage\":\"de\",\"potentialAction\":[{\"@type\":\"ReadAction\",\"target\":[\"https:\\\/\\\/cedam.fr\\\/de\\\/kollektionen\\\/\"]}]},{\"@type\":\"BreadcrumbList\",\"@id\":\"https:\\\/\\\/cedam.fr\\\/de\\\/kollektionen\\\/#breadcrumb\",\"itemListElement\":[{\"@type\":\"ListItem\",\"position\":1,\"name\":\"Accueil\",\"item\":\"https:\\\/\\\/cedam.fr\\\/de\\\/\"},{\"@type\":\"ListItem\",\"position\":2,\"name\":\"KOLLEKTIONEN\"}]},{\"@type\":\"WebSite\",\"@id\":\"https:\\\/\\\/cedam.fr\\\/de\\\/#website\",\"url\":\"https:\\\/\\\/cedam.fr\\\/de\\\/\",\"name\":\"Cedam\",\"description\":\"\",\"publisher\":{\"@id\":\"https:\\\/\\\/cedam.fr\\\/de\\\/#organization\"},\"potentialAction\":[{\"@type\":\"SearchAction\",\"target\":{\"@type\":\"EntryPoint\",\"urlTemplate\":\"https:\\\/\\\/cedam.fr\\\/de\\\/?s={search_term_string}\"},\"query-input\":{\"@type\":\"PropertyValueSpecification\",\"valueRequired\":true,\"valueName\":\"search_term_string\"}}],\"inLanguage\":\"de\"},{\"@type\":\"Organization\",\"@id\":\"https:\\\/\\\/cedam.fr\\\/de\\\/#organization\",\"name\":\"Cedam\",\"url\":\"https:\\\/\\\/cedam.fr\\\/de\\\/\",\"logo\":{\"@type\":\"ImageObject\",\"inLanguage\":\"de\",\"@id\":\"https:\\\/\\\/cedam.fr\\\/de\\\/#\\\/schema\\\/logo\\\/image\\\/\",\"url\":\"https:\\\/\\\/cedam.fr\\\/wp-content\\\/uploads\\\/2023\\\/02\\\/new_logo_white.svg\",\"contentUrl\":\"https:\\\/\\\/cedam.fr\\\/wp-content\\\/uploads\\\/2023\\\/02\\\/new_logo_white.svg\",\"caption\":\"Cedam\"},\"image\":{\"@id\":\"https:\\\/\\\/cedam.fr\\\/de\\\/#\\\/schema\\\/logo\\\/image\\\/\"}}]}<\/script>\n<!-- \/ Yoast SEO plugin. -->","yoast_head_json":{"title":"KOLLEKTIONEN - Cedam","description":"Wir bei Cedam glauben, dass das Badezimmer mehr als nur ein funktionaler Raum ist. Es ist ein pers\u00f6nlicher Zufluchtsort, ein Ort, an dem Sie sich entspannen, Kraft tanken und sich auf jeden neuen Tag vorbereiten k\u00f6nnen. Deshalb haben wir unser Fachwissen darauf verwendet, Kollektionen von Badezimmerm\u00f6beln zu entwerfen, die Funktionalit\u00e4t, \u00c4sthetik und un\u00fcbertroffene Qualit\u00e4t vereinen.","robots":{"index":"index","follow":"follow","max-snippet":"max-snippet:-1","max-image-preview":"max-image-preview:large","max-video-preview":"max-video-preview:-1"},"canonical":"https:\/\/cedam.fr\/de\/kollektionen\/","og_locale":"de_DE","og_type":"article","og_title":"KOLLEKTIONEN - Cedam","og_description":"Wir bei Cedam glauben, dass das Badezimmer mehr als nur ein funktionaler Raum ist. Es ist ein pers\u00f6nlicher Zufluchtsort, ein Ort, an dem Sie sich entspannen, Kraft tanken und sich auf jeden neuen Tag vorbereiten k\u00f6nnen. Deshalb haben wir unser Fachwissen darauf verwendet, Kollektionen von Badezimmerm\u00f6beln zu entwerfen, die Funktionalit\u00e4t, \u00c4sthetik und un\u00fcbertroffene Qualit\u00e4t vereinen.","og_url":"https:\/\/cedam.fr\/de\/kollektionen\/","og_site_name":"Cedam","twitter_card":"summary_large_image","schema":{"@context":"https:\/\/schema.org","@graph":[{"@type":"WebPage","@id":"https:\/\/cedam.fr\/de\/kollektionen\/","url":"https:\/\/cedam.fr\/de\/kollektionen\/","name":"KOLLEKTIONEN - Cedam","isPartOf":{"@id":"https:\/\/cedam.fr\/de\/#website"},"datePublished":"2023-09-21T07:25:48+00:00","description":"Wir bei Cedam glauben, dass das Badezimmer mehr als nur ein funktionaler Raum ist. Es ist ein pers\u00f6nlicher Zufluchtsort, ein Ort, an dem Sie sich entspannen, Kraft tanken und sich auf jeden neuen Tag vorbereiten k\u00f6nnen. Deshalb haben wir unser Fachwissen darauf verwendet, Kollektionen von Badezimmerm\u00f6beln zu entwerfen, die Funktionalit\u00e4t, \u00c4sthetik und un\u00fcbertroffene Qualit\u00e4t vereinen.","breadcrumb":{"@id":"https:\/\/cedam.fr\/de\/kollektionen\/#breadcrumb"},"inLanguage":"de","potentialAction":[{"@type":"ReadAction","target":["https:\/\/cedam.fr\/de\/kollektionen\/"]}]},{"@type":"BreadcrumbList","@id":"https:\/\/cedam.fr\/de\/kollektionen\/#breadcrumb","itemListElement":[{"@type":"ListItem","position":1,"name":"Accueil","item":"https:\/\/cedam.fr\/de\/"},{"@type":"ListItem","position":2,"name":"KOLLEKTIONEN"}]},{"@type":"WebSite","@id":"https:\/\/cedam.fr\/de\/#website","url":"https:\/\/cedam.fr\/de\/","name":"Cedam","description":"","publisher":{"@id":"https:\/\/cedam.fr\/de\/#organization"},"potentialAction":[{"@type":"SearchAction","target":{"@type":"EntryPoint","urlTemplate":"https:\/\/cedam.fr\/de\/?s={search_term_string}"},"query-input":{"@type":"PropertyValueSpecification","valueRequired":true,"valueName":"search_term_string"}}],"inLanguage":"de"},{"@type":"Organization","@id":"https:\/\/cedam.fr\/de\/#organization","name":"Cedam","url":"https:\/\/cedam.fr\/de\/","logo":{"@type":"ImageObject","inLanguage":"de","@id":"https:\/\/cedam.fr\/de\/#\/schema\/logo\/image\/","url":"https:\/\/cedam.fr\/wp-content\/uploads\/2023\/02\/new_logo_white.svg","contentUrl":"https:\/\/cedam.fr\/wp-content\/uploads\/2023\/02\/new_logo_white.svg","caption":"Cedam"},"image":{"@id":"https:\/\/cedam.fr\/de\/#\/schema\/logo\/image\/"}}]}},"_links":{"self":[{"href":"https:\/\/cedam.fr\/de\/wp-json\/wp\/v2\/pages\/23187","targetHints":{"allow":["GET"]}}],"collection":[{"href":"https:\/\/cedam.fr\/de\/wp-json\/wp\/v2\/pages"}],"about":[{"href":"https:\/\/cedam.fr\/de\/wp-json\/wp\/v2\/types\/page"}],"author":[{"embeddable":true,"href":"https:\/\/cedam.fr\/de\/wp-json\/wp\/v2\/users\/2"}],"replies":[{"embeddable":true,"href":"https:\/\/cedam.fr\/de\/wp-json\/wp\/v2\/comments?post=23187"}],"version-history":[{"count":0,"href":"https:\/\/cedam.fr\/de\/wp-json\/wp\/v2\/pages\/23187\/revisions"}],"wp:attachment":[{"href":"https:\/\/cedam.fr\/de\/wp-json\/wp\/v2\/media?parent=23187"}],"curies":[{"name":"wp","href":"https:\/\/api.w.org\/{rel}","templated":true}]}}