{"id":23142,"date":"2023-02-23T17:25:43","date_gmt":"2023-02-23T16:25:43","guid":{"rendered":"https:\/\/cedam.fr\/rechtliche-hinweise\/"},"modified":"2023-09-21T15:59:07","modified_gmt":"2023-09-21T13:59:07","slug":"rechtliche-hinweise","status":"publish","type":"page","link":"https:\/\/cedam.fr\/de\/rechtliche-hinweise\/","title":{"rendered":"Rechtliche Hinweise"},"content":{"rendered":"\t\t<div data-elementor-type=\"wp-page\" data-elementor-id=\"23142\" class=\"elementor elementor-23142 elementor-62\" data-elementor-post-type=\"page\">\n\t\t\t\t\t\t<section class=\"elementor-section elementor-top-section elementor-element elementor-element-b92659d elementor-section-height-min-height elementor-section-boxed elementor-section-height-default elementor-section-items-middle\" data-id=\"b92659d\" data-element_type=\"section\" data-e-type=\"section\" data-settings=\"{&quot;background_background&quot;:&quot;classic&quot;}\">\n\t\t\t\t\t\t\t<div class=\"elementor-background-overlay\"><\/div>\n\t\t\t\t\t\t\t<div class=\"elementor-container elementor-column-gap-default\">\n\t\t\t\t\t<div class=\"elementor-column elementor-col-100 elementor-top-column elementor-element elementor-element-6d91732\" data-id=\"6d91732\" data-element_type=\"column\" data-e-type=\"column\">\n\t\t\t<div class=\"elementor-widget-wrap elementor-element-populated\">\n\t\t\t\t\t\t\t<\/div>\n\t\t<\/div>\n\t\t\t\t\t<\/div>\n\t\t<\/section>\n\t\t\t\t<section class=\"elementor-section elementor-top-section elementor-element elementor-element-5edcb8b1 elementor-section-full_width elementor-section-height-default elementor-section-height-default\" data-id=\"5edcb8b1\" data-element_type=\"section\" data-e-type=\"section\" data-settings=\"{&quot;background_background&quot;:&quot;classic&quot;}\">\n\t\t\t\t\t\t<div class=\"elementor-container elementor-column-gap-default\">\n\t\t\t\t\t<div class=\"elementor-column elementor-col-100 elementor-top-column elementor-element elementor-element-4838d7c8\" data-id=\"4838d7c8\" data-element_type=\"column\" data-e-type=\"column\">\n\t\t\t<div class=\"elementor-widget-wrap elementor-element-populated\">\n\t\t\t\t\t\t<div class=\"elementor-element elementor-element-6dc9d762 elementor-widget elementor-widget-breadcrumbs\" data-id=\"6dc9d762\" data-element_type=\"widget\" data-e-type=\"widget\" data-widget_type=\"breadcrumbs.default\">\n\t\t\t\t<div class=\"elementor-widget-container\">\n\t\t\t\t\t<p id=\"breadcrumbs\"><span><span><a href=\"https:\/\/cedam.fr\/de\/\">Accueil<\/a><\/span><\/span><\/p>\t\t\t\t<\/div>\n\t\t\t\t<\/div>\n\t\t\t\t\t<\/div>\n\t\t<\/div>\n\t\t\t\t\t<\/div>\n\t\t<\/section>\n\t\t\t\t<section class=\"elementor-section elementor-top-section elementor-element elementor-element-7b7a78b5 elementor-section-boxed elementor-section-height-default elementor-section-height-default\" data-id=\"7b7a78b5\" data-element_type=\"section\" data-e-type=\"section\">\n\t\t\t\t\t\t<div class=\"elementor-container elementor-column-gap-default\">\n\t\t\t\t\t<div class=\"elementor-column elementor-col-100 elementor-top-column elementor-element elementor-element-6ad26494\" data-id=\"6ad26494\" data-element_type=\"column\" data-e-type=\"column\">\n\t\t\t<div class=\"elementor-widget-wrap\">\n\t\t\t\t\t\t\t<\/div>\n\t\t<\/div>\n\t\t\t\t\t<\/div>\n\t\t<\/section>\n\t\t\t\t<section class=\"elementor-section elementor-top-section elementor-element elementor-element-4b73e40 elementor-section-boxed elementor-section-height-default elementor-section-height-default\" data-id=\"4b73e40\" data-element_type=\"section\" data-e-type=\"section\">\n\t\t\t\t\t\t<div class=\"elementor-container elementor-column-gap-default\">\n\t\t\t\t\t<div class=\"elementor-column elementor-col-100 elementor-top-column elementor-element elementor-element-17fa5fd5\" data-id=\"17fa5fd5\" data-element_type=\"column\" data-e-type=\"column\">\n\t\t\t<div class=\"elementor-widget-wrap elementor-element-populated\">\n\t\t\t\t\t\t<div class=\"elementor-element elementor-element-2cf1ba97 elementor-widget elementor-widget-heading\" data-id=\"2cf1ba97\" data-element_type=\"widget\" data-e-type=\"widget\" data-widget_type=\"heading.default\">\n\t\t\t\t<div class=\"elementor-widget-container\">\n\t\t\t\t\t<h2 class=\"elementor-heading-title elementor-size-default\">Herausgeber der Seite<\/h2>\t\t\t\t<\/div>\n\t\t\t\t<\/div>\n\t\t\t\t<div class=\"elementor-element elementor-element-65f48459 elementor-widget elementor-widget-text-editor\" data-id=\"65f48459\" data-element_type=\"widget\" data-e-type=\"widget\" data-widget_type=\"text-editor.default\">\n\t\t\t\t<div class=\"elementor-widget-container\">\n\t\t\t\t\t\t\t\t\t<p>CEDAM<br \/>1 rue de l&#8217;Expansion<br \/>Z.A.E SUD<br \/>67212 OBERNAI Cedex<\/p>\n<p>Telefon-Nr.: 03.88.49.95.55<\/p>\n<p>SIRET-Nr. 353 464 027 00021<br \/>S.A. mit einem Kapital von 100.000 \u20ac.<br \/>Individuelle Umsatzsteuer-Identifikationsnummer: FR 24 353 464 027<br \/>APE-Code: Nr. 3109 B<\/p>\n\t\t\t\t\t\t\t\t<\/div>\n\t\t\t\t<\/div>\n\t\t\t\t<div class=\"elementor-element elementor-element-4b8a76c1 elementor-widget elementor-widget-heading\" data-id=\"4b8a76c1\" data-element_type=\"widget\" data-e-type=\"widget\" data-widget_type=\"heading.default\">\n\t\t\t\t<div class=\"elementor-widget-container\">\n\t\t\t\t\t<h2 class=\"elementor-heading-title elementor-size-default\">Leiter der Ver\u00f6ffentlichung<\/h2>\t\t\t\t<\/div>\n\t\t\t\t<\/div>\n\t\t\t\t<div class=\"elementor-element elementor-element-55888ee0 elementor-widget elementor-widget-text-editor\" data-id=\"55888ee0\" data-element_type=\"widget\" data-e-type=\"widget\" data-widget_type=\"text-editor.default\">\n\t\t\t\t<div class=\"elementor-widget-container\">\n\t\t\t\t\t\t\t\t\t<p>Die Leiterin der Ver\u00f6ffentlichung ist S\u00e9verine Hamm.&nbsp;<\/p>\n\t\t\t\t\t\t\t\t<\/div>\n\t\t\t\t<\/div>\n\t\t\t\t<div class=\"elementor-element elementor-element-17186478 elementor-widget elementor-widget-heading\" data-id=\"17186478\" data-element_type=\"widget\" data-e-type=\"widget\" data-widget_type=\"heading.default\">\n\t\t\t\t<div class=\"elementor-widget-container\">\n\t\t\t\t\t<h2 class=\"elementor-heading-title elementor-size-default\">Hoster<\/h2>\t\t\t\t<\/div>\n\t\t\t\t<\/div>\n\t\t\t\t<div class=\"elementor-element elementor-element-7e40a763 elementor-widget elementor-widget-text-editor\" data-id=\"7e40a763\" data-element_type=\"widget\" data-e-type=\"widget\" data-widget_type=\"text-editor.default\">\n\t\t\t\t<div class=\"elementor-widget-container\">\n\t\t\t\t\t\t\t\t\t<p>Die Cedam-Website wird von der Firma :<\/p>\n<p>OVH<br \/>2, rue Kellermann<br \/>59100 Roubaix<br \/>https:\/\/www.ovhcloud.com\/fr\/<\/p>\n\t\t\t\t\t\t\t\t<\/div>\n\t\t\t\t<\/div>\n\t\t\t\t<div class=\"elementor-element elementor-element-31192c24 elementor-widget elementor-widget-heading\" data-id=\"31192c24\" data-element_type=\"widget\" data-e-type=\"widget\" data-widget_type=\"heading.default\">\n\t\t\t\t<div class=\"elementor-widget-container\">\n\t\t\t\t\t<h2 class=\"elementor-heading-title elementor-size-default\">Webmaster<\/h2>\t\t\t\t<\/div>\n\t\t\t\t<\/div>\n\t\t\t\t<div class=\"elementor-element elementor-element-1a09ade3 elementor-widget elementor-widget-text-editor\" data-id=\"1a09ade3\" data-element_type=\"widget\" data-e-type=\"widget\" data-widget_type=\"text-editor.default\">\n\t\t\t\t<div class=\"elementor-widget-container\">\n\t\t\t\t\t\t\t\t\t<p>Das Design wurde von der Agentur :  <\/p>\n<p>Krysalidesign Studio<br \/>15 rue de l&#8217;industrie<br \/>67720 HOERDT<br \/>09 73 76 27 83<br \/>https:\/\/www.krysalidesign.com\/<\/p>\n\t\t\t\t\t\t\t\t<\/div>\n\t\t\t\t<\/div>\n\t\t\t\t<div class=\"elementor-element elementor-element-27329a6c elementor-widget elementor-widget-heading\" data-id=\"27329a6c\" data-element_type=\"widget\" data-e-type=\"widget\" data-widget_type=\"heading.default\">\n\t\t\t\t<div class=\"elementor-widget-container\">\n\t\t\t\t\t<h2 class=\"elementor-heading-title elementor-size-default\">Pers\u00f6nliche Daten<\/h2>\t\t\t\t<\/div>\n\t\t\t\t<\/div>\n\t\t\t\t<div class=\"elementor-element elementor-element-29bb96b3 elementor-widget elementor-widget-text-editor\" data-id=\"29bb96b3\" data-element_type=\"widget\" data-e-type=\"widget\" data-widget_type=\"text-editor.default\">\n\t\t\t\t<div class=\"elementor-widget-container\">\n\t\t\t\t\t\t\t\t\t<p>Die gesammelten Informationen werden elektronisch verarbeitet, um Sie \u00fcber die Neuigkeiten von Cedam zu informieren.<\/p>\n<p>Cedam verpflichtet sich, keine Informationen \u00fcber die Nutzer der Website in irgendeiner Weise weiterzugeben (Verkauf, Tausch, Verleih, Vermietung, Schenkung, etc&#8230;).<\/p>\n<p>Gem\u00e4\u00df dem Gesetz &#8220;Informatik und Freiheiten&#8221; vom 6. Januar 1978, ge\u00e4ndert im Jahr 2004, haben Sie ein Recht auf Zugang und Berichtigung der Sie betreffenden Informationen, das Sie aus\u00fcben k\u00f6nnen, indem Sie uns einen Brief an Cedam, 1 rue de l&#8217;expansion, 67210 OBERNAI oder eine E-Mail an marketing@cedam.fr schicken und dabei Ihre pers\u00f6nlichen Daten angeben.<\/p>\n\t\t\t\t\t\t\t\t<\/div>\n\t\t\t\t<\/div>\n\t\t\t\t<div class=\"elementor-element elementor-element-798f2d39 elementor-widget elementor-widget-heading\" data-id=\"798f2d39\" data-element_type=\"widget\" data-e-type=\"widget\" data-widget_type=\"heading.default\">\n\t\t\t\t<div class=\"elementor-widget-container\">\n\t\t\t\t\t<h2 class=\"elementor-heading-title elementor-size-default\">geistiges Eigentum  <\/h2>\t\t\t\t<\/div>\n\t\t\t\t<\/div>\n\t\t\t\t<div class=\"elementor-element elementor-element-65c55a85 elementor-widget elementor-widget-text-editor\" data-id=\"65c55a85\" data-element_type=\"widget\" data-e-type=\"widget\" data-widget_type=\"text-editor.default\">\n\t\t\t\t<div class=\"elementor-widget-container\">\n\t\t\t\t\t\t\t\t\t<p>Die auf der Website enthaltenen Elemente, insbesondere Logos, eingetragene Marken, Texte, Fotografien und Zeichnungen, sind markenrechtlich, urheberrechtlich und durch das geistige Eigentum gesch\u00fctzt.<\/p>\n<p>Jede Vervielf\u00e4ltigung oder Darstellung, ganz oder teilweise, muss schriftlich bei der Kommunikationsabteilung von Cedam (1 rue de l&#8217;expansion, 67210 OBERNAI email: marketing@cedam.fr) beantragt werden. In allen anderen F\u00e4llen stellt jede teilweise oder vollst\u00e4ndige Vervielf\u00e4ltigung eine F\u00e4lschung dar, f\u00fcr die der Urheber zivil- und strafrechtlich haftbar gemacht werden kann.<\/p>\n<p>Die Informationen auf dieser Website, insbesondere die Informationen \u00fcber die technischen Eigenschaften und Abmessungen der vorgestellten Produkte, dienen nur zu Informationszwecken und sind nicht als vertragliches Produkt- oder Dienstleistungsangebot der Firma Cedam und ihrer Vertriebspartner zu betrachten.<\/p>\n<p>Die Firma Cedam beh\u00e4lt sich das Recht vor, jederzeit die gesamte oder einen Teil der Website zu \u00e4ndern und\/oder vor\u00fcbergehend oder dauerhaft zu unterbrechen.<\/p>\n<p>Cedam haftet nicht f\u00fcr Hyperlinks, die im Rahmen dieser Website zu anderen Ressourcen im Internet eingerichtet wurden.<\/p>\n\t\t\t\t\t\t\t\t<\/div>\n\t\t\t\t<\/div>\n\t\t\t\t<div class=\"elementor-element elementor-element-38337b49 elementor-widget elementor-widget-heading\" data-id=\"38337b49\" data-element_type=\"widget\" data-e-type=\"widget\" data-widget_type=\"heading.default\">\n\t\t\t\t<div class=\"elementor-widget-container\">\n\t\t\t\t\t<h2 class=\"elementor-heading-title elementor-size-default\">Beschr\u00e4nkung der Haftung<\/h2>\t\t\t\t<\/div>\n\t\t\t\t<\/div>\n\t\t\t\t<div class=\"elementor-element elementor-element-7b6b1684 elementor-widget elementor-widget-text-editor\" data-id=\"7b6b1684\" data-element_type=\"widget\" data-e-type=\"widget\" data-widget_type=\"text-editor.default\">\n\t\t\t\t<div class=\"elementor-widget-container\">\n\t\t\t\t\t\t\t\t\t<p>Dar\u00fcber hinaus garantiert Cedam in keiner Weise die Richtigkeit der bereitgestellten Informationen und kann daher nicht f\u00fcr den Inhalt dieser Informationen und die daraus resultierende Nutzung haftbar gemacht werden. Generell kann Cedam nicht f\u00fcr alle direkten oder indirekten Sch\u00e4den haftbar gemacht werden, die aus der Nutzung der Website entstehen. Cedam haftet nicht f\u00fcr St\u00f6rungen des Internet-Netzwerks, die den Zugang zur Website oder die ordnungsgem\u00e4\u00dfe Navigation auf der Website verhindern. Cedam kann insbesondere nicht f\u00fcr m\u00f6gliche externe b\u00f6swillige Handlungen haftbar gemacht werden.<\/p>\n\t\t\t\t\t\t\t\t<\/div>\n\t\t\t\t<\/div>\n\t\t\t\t\t<\/div>\n\t\t<\/div>\n\t\t\t\t\t<\/div>\n\t\t<\/section>\n\t\t\t\t<\/div>\n\t\t","protected":false},"excerpt":{"rendered":"<p>Herausgeber der Seite CEDAM1 rue de l&#8217;ExpansionZ.A.E SUD67212 OBERNAI Cedex Telefon-Nr.: 03.88.49.95.55 SIRET-Nr. 353 464 027 00021S.A. mit einem Kapital von 100.000 \u20ac.Individuelle Umsatzsteuer-Identifikationsnummer: FR 24 353 464 027APE-Code: Nr. 3109 B Leiter der Ver\u00f6ffentlichung Die Leiterin der Ver\u00f6ffentlichung ist S\u00e9verine Hamm.&nbsp; Hoster Die Cedam-Website wird von der Firma : OVH2, rue Kellermann59100 Roubaixhttps:\/\/www.ovhcloud.com\/fr\/ Webmaster [&hellip;]<\/p>\n","protected":false},"author":1,"featured_media":0,"parent":0,"menu_order":0,"comment_status":"closed","ping_status":"closed","template":"","meta":{"_acf_changed":false,"footnotes":""},"class_list":["post-23142","page","type-page","status-publish","hentry"],"acf":[],"yoast_head":"<!-- This site is optimized with the Yoast SEO plugin v27.2 - https:\/\/yoast.com\/product\/yoast-seo-wordpress\/ -->\n<title>Rechtliche Hinweise - Cedam<\/title>\n<meta name=\"description\" content=\"Auf dieser Seite finden Sie die rechtlichen Hinweise der Cedam-Website.\" \/>\n<meta name=\"robots\" content=\"index, follow, max-snippet:-1, max-image-preview:large, max-video-preview:-1\" \/>\n<link rel=\"canonical\" href=\"https:\/\/cedam.fr\/de\/rechtliche-hinweise\/\" \/>\n<meta property=\"og:locale\" content=\"de_DE\" \/>\n<meta property=\"og:type\" content=\"article\" \/>\n<meta property=\"og:title\" content=\"Rechtliche Hinweise - Cedam\" \/>\n<meta property=\"og:description\" content=\"Auf dieser Seite finden Sie die rechtlichen Hinweise der Cedam-Website.\" \/>\n<meta property=\"og:url\" content=\"https:\/\/cedam.fr\/de\/rechtliche-hinweise\/\" \/>\n<meta property=\"og:site_name\" content=\"Cedam\" \/>\n<meta property=\"article:modified_time\" content=\"2023-09-21T13:59:07+00:00\" \/>\n<meta name=\"twitter:card\" content=\"summary_large_image\" \/>\n<meta name=\"twitter:label1\" content=\"Gesch\u00e4tzte Lesezeit\" \/>\n\t<meta name=\"twitter:data1\" content=\"2\u00a0Minuten\" \/>\n<script type=\"application\/ld+json\" class=\"yoast-schema-graph\">{\"@context\":\"https:\/\/schema.org\",\"@graph\":[{\"@type\":\"WebPage\",\"@id\":\"https:\/\/cedam.fr\/de\/rechtliche-hinweise\/\",\"url\":\"https:\/\/cedam.fr\/de\/rechtliche-hinweise\/\",\"name\":\"Rechtliche Hinweise - Cedam\",\"isPartOf\":{\"@id\":\"https:\/\/cedam.fr\/de\/#website\"},\"datePublished\":\"2023-02-23T16:25:43+00:00\",\"dateModified\":\"2023-09-21T13:59:07+00:00\",\"description\":\"Auf dieser Seite finden Sie die rechtlichen Hinweise der Cedam-Website.\",\"breadcrumb\":{\"@id\":\"https:\/\/cedam.fr\/de\/rechtliche-hinweise\/#breadcrumb\"},\"inLanguage\":\"de\",\"potentialAction\":[{\"@type\":\"ReadAction\",\"target\":[\"https:\/\/cedam.fr\/de\/rechtliche-hinweise\/\"]}]},{\"@type\":\"BreadcrumbList\",\"@id\":\"https:\/\/cedam.fr\/de\/rechtliche-hinweise\/#breadcrumb\",\"itemListElement\":[{\"@type\":\"ListItem\",\"position\":1,\"name\":\"Accueil\",\"item\":\"https:\/\/cedam.fr\/de\/\"},{\"@type\":\"ListItem\",\"position\":2,\"name\":\"Rechtliche Hinweise\"}]},{\"@type\":\"WebSite\",\"@id\":\"https:\/\/cedam.fr\/de\/#website\",\"url\":\"https:\/\/cedam.fr\/de\/\",\"name\":\"Cedam\",\"description\":\"\",\"publisher\":{\"@id\":\"https:\/\/cedam.fr\/de\/#organization\"},\"potentialAction\":[{\"@type\":\"SearchAction\",\"target\":{\"@type\":\"EntryPoint\",\"urlTemplate\":\"https:\/\/cedam.fr\/de\/?s={search_term_string}\"},\"query-input\":{\"@type\":\"PropertyValueSpecification\",\"valueRequired\":true,\"valueName\":\"search_term_string\"}}],\"inLanguage\":\"de\"},{\"@type\":\"Organization\",\"@id\":\"https:\/\/cedam.fr\/de\/#organization\",\"name\":\"Cedam\",\"url\":\"https:\/\/cedam.fr\/de\/\",\"logo\":{\"@type\":\"ImageObject\",\"inLanguage\":\"de\",\"@id\":\"https:\/\/cedam.fr\/de\/#\/schema\/logo\/image\/\",\"url\":\"https:\/\/cedam.fr\/wp-content\/uploads\/2023\/02\/new_logo_white.svg\",\"contentUrl\":\"https:\/\/cedam.fr\/wp-content\/uploads\/2023\/02\/new_logo_white.svg\",\"caption\":\"Cedam\"},\"image\":{\"@id\":\"https:\/\/cedam.fr\/de\/#\/schema\/logo\/image\/\"}}]}<\/script>\n<!-- \/ Yoast SEO plugin. -->","yoast_head_json":{"title":"Rechtliche Hinweise - Cedam","description":"Auf dieser Seite finden Sie die rechtlichen Hinweise der Cedam-Website.","robots":{"index":"index","follow":"follow","max-snippet":"max-snippet:-1","max-image-preview":"max-image-preview:large","max-video-preview":"max-video-preview:-1"},"canonical":"https:\/\/cedam.fr\/de\/rechtliche-hinweise\/","og_locale":"de_DE","og_type":"article","og_title":"Rechtliche Hinweise - Cedam","og_description":"Auf dieser Seite finden Sie die rechtlichen Hinweise der Cedam-Website.","og_url":"https:\/\/cedam.fr\/de\/rechtliche-hinweise\/","og_site_name":"Cedam","article_modified_time":"2023-09-21T13:59:07+00:00","twitter_card":"summary_large_image","twitter_misc":{"Gesch\u00e4tzte Lesezeit":"2\u00a0Minuten"},"schema":{"@context":"https:\/\/schema.org","@graph":[{"@type":"WebPage","@id":"https:\/\/cedam.fr\/de\/rechtliche-hinweise\/","url":"https:\/\/cedam.fr\/de\/rechtliche-hinweise\/","name":"Rechtliche Hinweise - Cedam","isPartOf":{"@id":"https:\/\/cedam.fr\/de\/#website"},"datePublished":"2023-02-23T16:25:43+00:00","dateModified":"2023-09-21T13:59:07+00:00","description":"Auf dieser Seite finden Sie die rechtlichen Hinweise der Cedam-Website.","breadcrumb":{"@id":"https:\/\/cedam.fr\/de\/rechtliche-hinweise\/#breadcrumb"},"inLanguage":"de","potentialAction":[{"@type":"ReadAction","target":["https:\/\/cedam.fr\/de\/rechtliche-hinweise\/"]}]},{"@type":"BreadcrumbList","@id":"https:\/\/cedam.fr\/de\/rechtliche-hinweise\/#breadcrumb","itemListElement":[{"@type":"ListItem","position":1,"name":"Accueil","item":"https:\/\/cedam.fr\/de\/"},{"@type":"ListItem","position":2,"name":"Rechtliche Hinweise"}]},{"@type":"WebSite","@id":"https:\/\/cedam.fr\/de\/#website","url":"https:\/\/cedam.fr\/de\/","name":"Cedam","description":"","publisher":{"@id":"https:\/\/cedam.fr\/de\/#organization"},"potentialAction":[{"@type":"SearchAction","target":{"@type":"EntryPoint","urlTemplate":"https:\/\/cedam.fr\/de\/?s={search_term_string}"},"query-input":{"@type":"PropertyValueSpecification","valueRequired":true,"valueName":"search_term_string"}}],"inLanguage":"de"},{"@type":"Organization","@id":"https:\/\/cedam.fr\/de\/#organization","name":"Cedam","url":"https:\/\/cedam.fr\/de\/","logo":{"@type":"ImageObject","inLanguage":"de","@id":"https:\/\/cedam.fr\/de\/#\/schema\/logo\/image\/","url":"https:\/\/cedam.fr\/wp-content\/uploads\/2023\/02\/new_logo_white.svg","contentUrl":"https:\/\/cedam.fr\/wp-content\/uploads\/2023\/02\/new_logo_white.svg","caption":"Cedam"},"image":{"@id":"https:\/\/cedam.fr\/de\/#\/schema\/logo\/image\/"}}]}},"_links":{"self":[{"href":"https:\/\/cedam.fr\/de\/wp-json\/wp\/v2\/pages\/23142","targetHints":{"allow":["GET"]}}],"collection":[{"href":"https:\/\/cedam.fr\/de\/wp-json\/wp\/v2\/pages"}],"about":[{"href":"https:\/\/cedam.fr\/de\/wp-json\/wp\/v2\/types\/page"}],"author":[{"embeddable":true,"href":"https:\/\/cedam.fr\/de\/wp-json\/wp\/v2\/users\/1"}],"replies":[{"embeddable":true,"href":"https:\/\/cedam.fr\/de\/wp-json\/wp\/v2\/comments?post=23142"}],"version-history":[{"count":1,"href":"https:\/\/cedam.fr\/de\/wp-json\/wp\/v2\/pages\/23142\/revisions"}],"predecessor-version":[{"id":23144,"href":"https:\/\/cedam.fr\/de\/wp-json\/wp\/v2\/pages\/23142\/revisions\/23144"}],"wp:attachment":[{"href":"https:\/\/cedam.fr\/de\/wp-json\/wp\/v2\/media?parent=23142"}],"curies":[{"name":"wp","href":"https:\/\/api.w.org\/{rel}","templated":true}]}}